{"id":590,"date":"2025-08-20T21:05:54","date_gmt":"2025-08-20T21:05:54","guid":{"rendered":"https:\/\/wp.waves-tech.cl\/?post_type=product&#038;p=590"},"modified":"2026-05-11T17:29:53","modified_gmt":"2026-05-11T17:29:53","slug":"emg-one","status":"publish","type":"product","link":"https:\/\/waves-tech.cl\/pt\/produto\/emg-one\/","title":{"rendered":"EMG Um"},"content":{"rendered":"<h2><strong>EMG One: Biofeedback EMG port\u00e1til e cientificamente validado<\/strong><\/h2>\n<p>Ele <strong>EMG Um<\/strong> \u00c9 um sistema completo de <strong>biofeedback eletromiogr\u00e1fico<\/strong> Projetado para profissionais de sa\u00fade que buscam precis\u00e3o cl\u00ednica e uma experi\u00eancia de reabilita\u00e7\u00e3o inovadora.<\/p>\n<p>Com um design <strong>port\u00e1til e f\u00e1cil de usar<\/strong>O EMG One permite medir a atividade muscular em tempo real e visualiz\u00e1-la por meio de duas modalidades:<\/p>\n<ul>\n<li><strong>Aplicativo Loica:<\/strong> interface l\u00fadica e motivadora para os pacientes.<\/li>\n<li><strong>Sinal EMG:<\/strong> visualizador cl\u00ednico para monitoramento e an\u00e1lise profissional.<\/li>\n<\/ul>\n<hr \/>\n<h3>\ud83c\udf10 <strong>Apoiado por evid\u00eancias cient\u00edficas<\/strong><\/h3>\n<p>Ele <strong>Biofeedback EMG<\/strong> Possui d\u00e9cadas de pesquisa que comprovam sua efic\u00e1cia na reabilita\u00e7\u00e3o neuromuscular. O EMG One foi validado tecnicamente, mostrando <strong>alta correla\u00e7\u00e3o com equipamento de refer\u00eancia (99%)<\/strong>.<\/p>\n<hr \/>\n<h3>\u26a1 <strong>Por que escolher a EMG One<\/strong><\/h3>\n<ul>\n<li>Facilita a motiva\u00e7\u00e3o e a compreens\u00e3o do paciente.<\/li>\n<li>Permite monitoramento, relat\u00f3rios e rastreamento digitais.<\/li>\n<li>Integra gamifica\u00e7\u00e3o e an\u00e1lise cl\u00ednica em uma \u00fanica plataforma.<\/li>\n<li>Suporte direto e backup de <strong>Tecnologia Waves<\/strong>.<\/li>\n<\/ul>\n<hr \/>\n<h3>\ud83d\udcf2 <strong>Leve sua pr\u00e1tica terap\u00eautica para o pr\u00f3ximo n\u00edvel com o EMG One.<\/strong><\/h3>","protected":false},"excerpt":{"rendered":"<p>O EMG One \u00e9 um sistema de biofeedback eletromiogr\u00e1fico port\u00e1til, cientificamente validado. Inclui um dispositivo, acess\u00f3rios e acesso a um servidor de dados, Loica, e EMG Signal, facilitando uma reabilita\u00e7\u00e3o precisa, acess\u00edvel e prazerosa em diversas \u00e1reas cl\u00ednicas.<\/p>","protected":false},"featured_media":1581,"template":"","meta":[],"product_brand":[],"product_cat":[23],"product_tag":[29,24,28,25,30,26,27],"class_list":{"0":"post-590","1":"product","2":"type-product","3":"status-publish","4":"has-post-thumbnail","6":"product_cat-dispositivos-medicos-de-rehabilitacion","7":"product_tag-acv","8":"product_tag-biofeedback","9":"product_tag-disfagia","10":"product_tag-emg-portatil","11":"product_tag-fisioterapia","12":"product_tag-rehabilitacion-muscular","13":"product_tag-suelo-pelvico","15":"first","16":"instock","17":"shipping-taxable","18":"purchasable","19":"product-type-simple"},"yoast_head":"<!-- This site is optimized with the Yoast SEO plugin v27.6 - https:\/\/yoast.com\/product\/yoast-seo-wordpress\/ -->\n<title>EMG One | Biofeedback EMG port\u00e1til para rehabilitaci\u00f3n cl\u00ednica<\/title>\n<meta name=\"description\" content=\"Dispositivo de biofeedback EMG port\u00e1til, validado cient\u00edficamente. Rehabilitaci\u00f3n precisa y accesible para suelo p\u00e9lvico, disfagia, ACV y fisioterapia.\" \/>\n<meta name=\"robots\" content=\"index, follow, max-snippet:-1, max-image-preview:large, max-video-preview:-1\" \/>\n<link rel=\"canonical\" href=\"https:\/\/waves-tech.cl\/pt\/produto\/emg-one\/\" \/>\n<meta property=\"og:locale\" content=\"pt_BR\" \/>\n<meta property=\"og:type\" content=\"article\" \/>\n<meta property=\"og:title\" content=\"EMG One | Biofeedback EMG port\u00e1til para rehabilitaci\u00f3n cl\u00ednica\" \/>\n<meta property=\"og:description\" content=\"Dispositivo de biofeedback EMG port\u00e1til, validado cient\u00edficamente. Rehabilitaci\u00f3n precisa y accesible para suelo p\u00e9lvico, disfagia, ACV y fisioterapia.\" \/>\n<meta property=\"og:url\" content=\"https:\/\/waves-tech.cl\/pt\/produto\/emg-one\/\" \/>\n<meta property=\"og:site_name\" content=\"Waves-Tech\" \/>\n<meta property=\"article:modified_time\" content=\"2026-05-11T17:29:53+00:00\" \/>\n<meta property=\"og:image\" content=\"https:\/\/waves-tech.cl\/wp-content\/uploads\/2025\/11\/Kit-EMG-One-10.png\" \/>\n\t<meta property=\"og:image:width\" content=\"1080\" \/>\n\t<meta property=\"og:image:height\" content=\"1080\" \/>\n\t<meta property=\"og:image:type\" content=\"image\/png\" \/>\n<meta name=\"twitter:card\" content=\"summary_large_image\" \/>\n<meta name=\"twitter:label1\" content=\"Est. tempo de leitura\" \/>\n\t<meta name=\"twitter:data1\" content=\"1 minuto\" \/>\n<script type=\"application\/ld+json\" class=\"yoast-schema-graph\">{\"@context\":\"https:\\\/\\\/schema.org\",\"@graph\":[{\"@type\":\"WebPage\",\"@id\":\"https:\\\/\\\/waves-tech.cl\\\/producto\\\/emg-one\\\/\",\"url\":\"https:\\\/\\\/waves-tech.cl\\\/producto\\\/emg-one\\\/\",\"name\":\"EMG One | Biofeedback EMG port\u00e1til para rehabilitaci\u00f3n cl\u00ednica\",\"isPartOf\":{\"@id\":\"https:\\\/\\\/waves-tech.cl\\\/pt\\\/#website\"},\"primaryImageOfPage\":{\"@id\":\"https:\\\/\\\/waves-tech.cl\\\/producto\\\/emg-one\\\/#primaryimage\"},\"image\":{\"@id\":\"https:\\\/\\\/waves-tech.cl\\\/producto\\\/emg-one\\\/#primaryimage\"},\"thumbnailUrl\":\"https:\\\/\\\/waves-tech.cl\\\/wp-content\\\/uploads\\\/2025\\\/11\\\/Kit-EMG-One-10.png\",\"datePublished\":\"2025-08-20T21:05:54+00:00\",\"dateModified\":\"2026-05-11T17:29:53+00:00\",\"description\":\"Dispositivo de biofeedback EMG port\u00e1til, validado cient\u00edficamente. Rehabilitaci\u00f3n precisa y accesible para suelo p\u00e9lvico, disfagia, ACV y fisioterapia.\",\"breadcrumb\":{\"@id\":\"https:\\\/\\\/waves-tech.cl\\\/producto\\\/emg-one\\\/#breadcrumb\"},\"inLanguage\":\"pt-BR\",\"potentialAction\":[{\"@type\":\"ReadAction\",\"target\":[\"https:\\\/\\\/waves-tech.cl\\\/producto\\\/emg-one\\\/\"]}]},{\"@type\":\"ImageObject\",\"inLanguage\":\"pt-BR\",\"@id\":\"https:\\\/\\\/waves-tech.cl\\\/producto\\\/emg-one\\\/#primaryimage\",\"url\":\"https:\\\/\\\/waves-tech.cl\\\/wp-content\\\/uploads\\\/2025\\\/11\\\/Kit-EMG-One-10.png\",\"contentUrl\":\"https:\\\/\\\/waves-tech.cl\\\/wp-content\\\/uploads\\\/2025\\\/11\\\/Kit-EMG-One-10.png\",\"width\":1080,\"height\":1080},{\"@type\":\"BreadcrumbList\",\"@id\":\"https:\\\/\\\/waves-tech.cl\\\/producto\\\/emg-one\\\/#breadcrumb\",\"itemListElement\":[{\"@type\":\"ListItem\",\"position\":1,\"name\":\"Portada\",\"item\":\"https:\\\/\\\/waves-tech.cl\\\/\"},{\"@type\":\"ListItem\",\"position\":2,\"name\":\"Tienda\",\"item\":\"https:\\\/\\\/waves-tech.cl\\\/pt\\\/tienda\\\/\"},{\"@type\":\"ListItem\",\"position\":3,\"name\":\"EMG One\"}]},{\"@type\":\"WebSite\",\"@id\":\"https:\\\/\\\/waves-tech.cl\\\/pt\\\/#website\",\"url\":\"https:\\\/\\\/waves-tech.cl\\\/pt\\\/\",\"name\":\"Waves-Tech\",\"description\":\"Tecnolog\u00eda que Rehabilita\",\"publisher\":{\"@id\":\"https:\\\/\\\/waves-tech.cl\\\/pt\\\/#organization\"},\"potentialAction\":[{\"@type\":\"SearchAction\",\"target\":{\"@type\":\"EntryPoint\",\"urlTemplate\":\"https:\\\/\\\/waves-tech.cl\\\/pt\\\/?s={search_term_string}\"},\"query-input\":{\"@type\":\"PropertyValueSpecification\",\"valueRequired\":true,\"valueName\":\"search_term_string\"}}],\"inLanguage\":\"pt-BR\"},{\"@type\":\"Organization\",\"@id\":\"https:\\\/\\\/waves-tech.cl\\\/pt\\\/#organization\",\"name\":\"Waves-Tech\",\"url\":\"https:\\\/\\\/waves-tech.cl\\\/pt\\\/\",\"logo\":{\"@type\":\"ImageObject\",\"inLanguage\":\"pt-BR\",\"@id\":\"https:\\\/\\\/waves-tech.cl\\\/pt\\\/#\\\/schema\\\/logo\\\/image\\\/\",\"url\":\"https:\\\/\\\/waves-tech.cl\\\/wp-content\\\/uploads\\\/2025\\\/07\\\/cropped-logo_waves.png\",\"contentUrl\":\"https:\\\/\\\/waves-tech.cl\\\/wp-content\\\/uploads\\\/2025\\\/07\\\/cropped-logo_waves.png\",\"width\":1393,\"height\":615,\"caption\":\"Waves-Tech\"},\"image\":{\"@id\":\"https:\\\/\\\/waves-tech.cl\\\/pt\\\/#\\\/schema\\\/logo\\\/image\\\/\"}}]}<\/script>\n<!-- \/ Yoast SEO plugin. -->","yoast_head_json":{"title":"EMG One | Biofeedback EMG port\u00e1til para rehabilitaci\u00f3n cl\u00ednica","description":"Dispositivo de biofeedback EMG port\u00e1til, validado cient\u00edficamente. Rehabilitaci\u00f3n precisa y accesible para suelo p\u00e9lvico, disfagia, ACV y fisioterapia.","robots":{"index":"index","follow":"follow","max-snippet":"max-snippet:-1","max-image-preview":"max-image-preview:large","max-video-preview":"max-video-preview:-1"},"canonical":"https:\/\/waves-tech.cl\/pt\/produto\/emg-one\/","og_locale":"pt_BR","og_type":"article","og_title":"EMG One | Biofeedback EMG port\u00e1til para rehabilitaci\u00f3n cl\u00ednica","og_description":"Dispositivo de biofeedback EMG port\u00e1til, validado cient\u00edficamente. Rehabilitaci\u00f3n precisa y accesible para suelo p\u00e9lvico, disfagia, ACV y fisioterapia.","og_url":"https:\/\/waves-tech.cl\/pt\/produto\/emg-one\/","og_site_name":"Waves-Tech","article_modified_time":"2026-05-11T17:29:53+00:00","og_image":[{"width":1080,"height":1080,"url":"https:\/\/waves-tech.cl\/wp-content\/uploads\/2025\/11\/Kit-EMG-One-10.png","type":"image\/png"}],"twitter_card":"summary_large_image","twitter_misc":{"Est. tempo de leitura":"1 minuto"},"schema":{"@context":"https:\/\/schema.org","@graph":[{"@type":"WebPage","@id":"https:\/\/waves-tech.cl\/producto\/emg-one\/","url":"https:\/\/waves-tech.cl\/producto\/emg-one\/","name":"EMG One | Biofeedback EMG port\u00e1til para rehabilitaci\u00f3n cl\u00ednica","isPartOf":{"@id":"https:\/\/waves-tech.cl\/pt\/#website"},"primaryImageOfPage":{"@id":"https:\/\/waves-tech.cl\/producto\/emg-one\/#primaryimage"},"image":{"@id":"https:\/\/waves-tech.cl\/producto\/emg-one\/#primaryimage"},"thumbnailUrl":"https:\/\/waves-tech.cl\/wp-content\/uploads\/2025\/11\/Kit-EMG-One-10.png","datePublished":"2025-08-20T21:05:54+00:00","dateModified":"2026-05-11T17:29:53+00:00","description":"Dispositivo de biofeedback EMG port\u00e1til, validado cient\u00edficamente. Rehabilitaci\u00f3n precisa y accesible para suelo p\u00e9lvico, disfagia, ACV y fisioterapia.","breadcrumb":{"@id":"https:\/\/waves-tech.cl\/producto\/emg-one\/#breadcrumb"},"inLanguage":"pt-BR","potentialAction":[{"@type":"ReadAction","target":["https:\/\/waves-tech.cl\/producto\/emg-one\/"]}]},{"@type":"ImageObject","inLanguage":"pt-BR","@id":"https:\/\/waves-tech.cl\/producto\/emg-one\/#primaryimage","url":"https:\/\/waves-tech.cl\/wp-content\/uploads\/2025\/11\/Kit-EMG-One-10.png","contentUrl":"https:\/\/waves-tech.cl\/wp-content\/uploads\/2025\/11\/Kit-EMG-One-10.png","width":1080,"height":1080},{"@type":"BreadcrumbList","@id":"https:\/\/waves-tech.cl\/producto\/emg-one\/#breadcrumb","itemListElement":[{"@type":"ListItem","position":1,"name":"Portada","item":"https:\/\/waves-tech.cl\/"},{"@type":"ListItem","position":2,"name":"Tienda","item":"https:\/\/waves-tech.cl\/pt\/tienda\/"},{"@type":"ListItem","position":3,"name":"EMG One"}]},{"@type":"WebSite","@id":"https:\/\/waves-tech.cl\/pt\/#website","url":"https:\/\/waves-tech.cl\/pt\/","name":"Waves-Tech","description":"Tecnologia que reabilita","publisher":{"@id":"https:\/\/waves-tech.cl\/pt\/#organization"},"potentialAction":[{"@type":"SearchAction","target":{"@type":"EntryPoint","urlTemplate":"https:\/\/waves-tech.cl\/pt\/?s={search_term_string}"},"query-input":{"@type":"PropertyValueSpecification","valueRequired":true,"valueName":"search_term_string"}}],"inLanguage":"pt-BR"},{"@type":"Organization","@id":"https:\/\/waves-tech.cl\/pt\/#organization","name":"Waves-Tech","url":"https:\/\/waves-tech.cl\/pt\/","logo":{"@type":"ImageObject","inLanguage":"pt-BR","@id":"https:\/\/waves-tech.cl\/pt\/#\/schema\/logo\/image\/","url":"https:\/\/waves-tech.cl\/wp-content\/uploads\/2025\/07\/cropped-logo_waves.png","contentUrl":"https:\/\/waves-tech.cl\/wp-content\/uploads\/2025\/07\/cropped-logo_waves.png","width":1393,"height":615,"caption":"Waves-Tech"},"image":{"@id":"https:\/\/waves-tech.cl\/pt\/#\/schema\/logo\/image\/"}}]}},"_links":{"self":[{"href":"https:\/\/waves-tech.cl\/pt\/wp-json\/wp\/v2\/product\/590","targetHints":{"allow":["GET"]}}],"collection":[{"href":"https:\/\/waves-tech.cl\/pt\/wp-json\/wp\/v2\/product"}],"about":[{"href":"https:\/\/waves-tech.cl\/pt\/wp-json\/wp\/v2\/types\/product"}],"wp:featuredmedia":[{"embeddable":true,"href":"https:\/\/waves-tech.cl\/pt\/wp-json\/wp\/v2\/media\/1581"}],"wp:attachment":[{"href":"https:\/\/waves-tech.cl\/pt\/wp-json\/wp\/v2\/media?parent=590"}],"wp:term":[{"taxonomy":"product_brand","embeddable":true,"href":"https:\/\/waves-tech.cl\/pt\/wp-json\/wp\/v2\/product_brand?post=590"},{"taxonomy":"product_cat","embeddable":true,"href":"https:\/\/waves-tech.cl\/pt\/wp-json\/wp\/v2\/product_cat?post=590"},{"taxonomy":"product_tag","embeddable":true,"href":"https:\/\/waves-tech.cl\/pt\/wp-json\/wp\/v2\/product_tag?post=590"}],"curies":[{"name":"wp","href":"https:\/\/api.w.org\/{rel}","templated":true}]}}