{"id":1247,"date":"2025-10-14T17:48:36","date_gmt":"2025-10-14T17:48:36","guid":{"rendered":"https:\/\/waves-tech.cl\/?post_type=product&#038;p=1247"},"modified":"2026-05-11T17:29:53","modified_gmt":"2026-05-11T17:29:53","slug":"agujas-para-guia-electromiografica-emg-one","status":"publish","type":"product","link":"https:\/\/waves-tech.cl\/pt\/produto\/agujas-para-guia-electromiografica-emg-one\/","title":{"rendered":"Agujas para inyecci\u00f3n guiada por electromiograf\u00eda (EMG)"},"content":{"rendered":"<p>Agulha projetada para <strong>inje\u00e7\u00e3o precisa de toxina botul\u00ednica<\/strong> sob orienta\u00e7\u00e3o eletromiogr\u00e1fica. Eles permitem a localiza\u00e7\u00e3o precisa do m\u00fasculo alvo por meio de conex\u00e3o direta com o EMG One.<\/p>\n<ul>\n<li>Descart\u00e1vel e est\u00e9ril.<\/li>\n<li>Compat\u00edvel com conectores padr\u00e3o de 2 mm.<\/li>\n<li>Uso cl\u00ednico.<\/li>\n<\/ul>\n<p><strong>Variantes:<\/strong> 25 mm \/ 37 mm \/ 50 mm.<\/p>\n<p>&nbsp;<\/p>","protected":false},"excerpt":{"rendered":"<p>Las agujas para gu\u00eda electromiogr\u00e1fica permiten localizar con precisi\u00f3n el m\u00fasculo objetivo durante procedimientos como la inyecci\u00f3n de toxina botul\u00ednica, mejorando la eficacia cl\u00ednica y reduciendo errores por compensaci\u00f3n.<\/p>","protected":false},"featured_media":1270,"template":"","meta":[],"product_brand":[],"product_cat":[32],"product_tag":[41,42,34,35,38,37,39,36,43,40],"class_list":{"0":"post-1247","1":"product","2":"type-product","3":"status-publish","4":"has-post-thumbnail","6":"product_cat-accesorios-emg-one","7":"product_tag-aguja-compatible-emg-one","8":"product_tag-aguja-emg-espasticidad","9":"product_tag-aguja-emg-inyeccion-guiada","10":"product_tag-aguja-inyeccion-guiada-electromiografia","11":"product_tag-aguja-monopolar-emg","12":"product_tag-aguja-toxina-botulinica-emg","13":"product_tag-agujas-emg-chile","14":"product_tag-electrodo-aguja-emg-inyeccion","15":"product_tag-electrodo-aguja-neurologia","16":"product_tag-insumos-electromiografia-clinica","18":"first","19":"instock","20":"shipping-taxable","21":"purchasable","22":"product-type-simple"},"yoast_head":"<!-- This site is optimized with the Yoast SEO plugin v27.6 - https:\/\/yoast.com\/product\/yoast-seo-wordpress\/ -->\n<title>Agujas EMG para inyecci\u00f3n guiada | EMG One Chile<\/title>\n<meta name=\"description\" content=\"Agujas EMG para inyecci\u00f3n guiada. Precisi\u00f3n en toxina botul\u00ednica y neuromodulaci\u00f3n. Compatibles con EMG One. Solicita informaci\u00f3n cl\u00ednica.\" \/>\n<meta name=\"robots\" content=\"index, follow, max-snippet:-1, max-image-preview:large, max-video-preview:-1\" \/>\n<link rel=\"canonical\" href=\"https:\/\/waves-tech.cl\/pt\/produto\/agujas-para-guia-electromiografica-emg-one\/\" \/>\n<meta property=\"og:locale\" content=\"pt_BR\" \/>\n<meta property=\"og:type\" content=\"article\" \/>\n<meta property=\"og:title\" content=\"Agujas EMG para inyecci\u00f3n guiada | EMG One Chile\" \/>\n<meta property=\"og:description\" content=\"Agujas EMG para inyecci\u00f3n guiada. Precisi\u00f3n en toxina botul\u00ednica y neuromodulaci\u00f3n. Compatibles con EMG One. Solicita informaci\u00f3n cl\u00ednica.\" \/>\n<meta property=\"og:url\" content=\"https:\/\/waves-tech.cl\/pt\/produto\/agujas-para-guia-electromiografica-emg-one\/\" \/>\n<meta property=\"og:site_name\" content=\"Waves-Tech\" \/>\n<meta property=\"article:modified_time\" content=\"2026-05-11T17:29:53+00:00\" \/>\n<meta property=\"og:image\" content=\"https:\/\/waves-tech.cl\/wp-content\/uploads\/2025\/10\/Inyectores-toxina.png\" \/>\n\t<meta property=\"og:image:width\" content=\"1080\" \/>\n\t<meta property=\"og:image:height\" content=\"1080\" \/>\n\t<meta property=\"og:image:type\" content=\"image\/png\" \/>\n<meta name=\"twitter:card\" content=\"summary_large_image\" \/>\n<meta name=\"twitter:label1\" content=\"Est. tempo de leitura\" \/>\n\t<meta name=\"twitter:data1\" content=\"1 minuto\" \/>\n<script type=\"application\/ld+json\" class=\"yoast-schema-graph\">{\"@context\":\"https:\\\/\\\/schema.org\",\"@graph\":[{\"@type\":\"WebPage\",\"@id\":\"https:\\\/\\\/waves-tech.cl\\\/producto\\\/agujas-para-guia-electromiografica-emg-one\\\/\",\"url\":\"https:\\\/\\\/waves-tech.cl\\\/producto\\\/agujas-para-guia-electromiografica-emg-one\\\/\",\"name\":\"Agujas EMG para inyecci\u00f3n guiada | EMG One Chile\",\"isPartOf\":{\"@id\":\"https:\\\/\\\/waves-tech.cl\\\/pt\\\/#website\"},\"primaryImageOfPage\":{\"@id\":\"https:\\\/\\\/waves-tech.cl\\\/producto\\\/agujas-para-guia-electromiografica-emg-one\\\/#primaryimage\"},\"image\":{\"@id\":\"https:\\\/\\\/waves-tech.cl\\\/producto\\\/agujas-para-guia-electromiografica-emg-one\\\/#primaryimage\"},\"thumbnailUrl\":\"https:\\\/\\\/waves-tech.cl\\\/wp-content\\\/uploads\\\/2025\\\/10\\\/Inyectores-toxina.png\",\"datePublished\":\"2025-10-14T17:48:36+00:00\",\"dateModified\":\"2026-05-11T17:29:53+00:00\",\"description\":\"Agujas EMG para inyecci\u00f3n guiada. Precisi\u00f3n en toxina botul\u00ednica y neuromodulaci\u00f3n. Compatibles con EMG One. Solicita informaci\u00f3n cl\u00ednica.\",\"breadcrumb\":{\"@id\":\"https:\\\/\\\/waves-tech.cl\\\/producto\\\/agujas-para-guia-electromiografica-emg-one\\\/#breadcrumb\"},\"inLanguage\":\"pt-BR\",\"potentialAction\":[{\"@type\":\"ReadAction\",\"target\":[\"https:\\\/\\\/waves-tech.cl\\\/producto\\\/agujas-para-guia-electromiografica-emg-one\\\/\"]}]},{\"@type\":\"ImageObject\",\"inLanguage\":\"pt-BR\",\"@id\":\"https:\\\/\\\/waves-tech.cl\\\/producto\\\/agujas-para-guia-electromiografica-emg-one\\\/#primaryimage\",\"url\":\"https:\\\/\\\/waves-tech.cl\\\/wp-content\\\/uploads\\\/2025\\\/10\\\/Inyectores-toxina.png\",\"contentUrl\":\"https:\\\/\\\/waves-tech.cl\\\/wp-content\\\/uploads\\\/2025\\\/10\\\/Inyectores-toxina.png\",\"width\":1080,\"height\":1080},{\"@type\":\"BreadcrumbList\",\"@id\":\"https:\\\/\\\/waves-tech.cl\\\/producto\\\/agujas-para-guia-electromiografica-emg-one\\\/#breadcrumb\",\"itemListElement\":[{\"@type\":\"ListItem\",\"position\":1,\"name\":\"Portada\",\"item\":\"https:\\\/\\\/waves-tech.cl\\\/\"},{\"@type\":\"ListItem\",\"position\":2,\"name\":\"Tienda\",\"item\":\"https:\\\/\\\/waves-tech.cl\\\/pt\\\/tienda\\\/\"},{\"@type\":\"ListItem\",\"position\":3,\"name\":\"Agujas para inyecci\u00f3n guiada por electromiograf\u00eda (EMG)\"}]},{\"@type\":\"WebSite\",\"@id\":\"https:\\\/\\\/waves-tech.cl\\\/pt\\\/#website\",\"url\":\"https:\\\/\\\/waves-tech.cl\\\/pt\\\/\",\"name\":\"Waves-Tech\",\"description\":\"Tecnolog\u00eda que Rehabilita\",\"publisher\":{\"@id\":\"https:\\\/\\\/waves-tech.cl\\\/pt\\\/#organization\"},\"potentialAction\":[{\"@type\":\"SearchAction\",\"target\":{\"@type\":\"EntryPoint\",\"urlTemplate\":\"https:\\\/\\\/waves-tech.cl\\\/pt\\\/?s={search_term_string}\"},\"query-input\":{\"@type\":\"PropertyValueSpecification\",\"valueRequired\":true,\"valueName\":\"search_term_string\"}}],\"inLanguage\":\"pt-BR\"},{\"@type\":\"Organization\",\"@id\":\"https:\\\/\\\/waves-tech.cl\\\/pt\\\/#organization\",\"name\":\"Waves-Tech\",\"url\":\"https:\\\/\\\/waves-tech.cl\\\/pt\\\/\",\"logo\":{\"@type\":\"ImageObject\",\"inLanguage\":\"pt-BR\",\"@id\":\"https:\\\/\\\/waves-tech.cl\\\/pt\\\/#\\\/schema\\\/logo\\\/image\\\/\",\"url\":\"https:\\\/\\\/waves-tech.cl\\\/wp-content\\\/uploads\\\/2025\\\/07\\\/cropped-logo_waves.png\",\"contentUrl\":\"https:\\\/\\\/waves-tech.cl\\\/wp-content\\\/uploads\\\/2025\\\/07\\\/cropped-logo_waves.png\",\"width\":1393,\"height\":615,\"caption\":\"Waves-Tech\"},\"image\":{\"@id\":\"https:\\\/\\\/waves-tech.cl\\\/pt\\\/#\\\/schema\\\/logo\\\/image\\\/\"}}]}<\/script>\n<!-- \/ Yoast SEO plugin. -->","yoast_head_json":{"title":"Agujas EMG para inyecci\u00f3n guiada | EMG One Chile","description":"Agujas EMG para inyecci\u00f3n guiada. Precisi\u00f3n en toxina botul\u00ednica y neuromodulaci\u00f3n. Compatibles con EMG One. Solicita informaci\u00f3n cl\u00ednica.","robots":{"index":"index","follow":"follow","max-snippet":"max-snippet:-1","max-image-preview":"max-image-preview:large","max-video-preview":"max-video-preview:-1"},"canonical":"https:\/\/waves-tech.cl\/pt\/produto\/agujas-para-guia-electromiografica-emg-one\/","og_locale":"pt_BR","og_type":"article","og_title":"Agujas EMG para inyecci\u00f3n guiada | EMG One Chile","og_description":"Agujas EMG para inyecci\u00f3n guiada. Precisi\u00f3n en toxina botul\u00ednica y neuromodulaci\u00f3n. Compatibles con EMG One. Solicita informaci\u00f3n cl\u00ednica.","og_url":"https:\/\/waves-tech.cl\/pt\/produto\/agujas-para-guia-electromiografica-emg-one\/","og_site_name":"Waves-Tech","article_modified_time":"2026-05-11T17:29:53+00:00","og_image":[{"width":1080,"height":1080,"url":"https:\/\/waves-tech.cl\/wp-content\/uploads\/2025\/10\/Inyectores-toxina.png","type":"image\/png"}],"twitter_card":"summary_large_image","twitter_misc":{"Est. tempo de leitura":"1 minuto"},"schema":{"@context":"https:\/\/schema.org","@graph":[{"@type":"WebPage","@id":"https:\/\/waves-tech.cl\/producto\/agujas-para-guia-electromiografica-emg-one\/","url":"https:\/\/waves-tech.cl\/producto\/agujas-para-guia-electromiografica-emg-one\/","name":"Agujas EMG para inyecci\u00f3n guiada | EMG One Chile","isPartOf":{"@id":"https:\/\/waves-tech.cl\/pt\/#website"},"primaryImageOfPage":{"@id":"https:\/\/waves-tech.cl\/producto\/agujas-para-guia-electromiografica-emg-one\/#primaryimage"},"image":{"@id":"https:\/\/waves-tech.cl\/producto\/agujas-para-guia-electromiografica-emg-one\/#primaryimage"},"thumbnailUrl":"https:\/\/waves-tech.cl\/wp-content\/uploads\/2025\/10\/Inyectores-toxina.png","datePublished":"2025-10-14T17:48:36+00:00","dateModified":"2026-05-11T17:29:53+00:00","description":"Agujas EMG para inyecci\u00f3n guiada. Precisi\u00f3n en toxina botul\u00ednica y neuromodulaci\u00f3n. Compatibles con EMG One. Solicita informaci\u00f3n cl\u00ednica.","breadcrumb":{"@id":"https:\/\/waves-tech.cl\/producto\/agujas-para-guia-electromiografica-emg-one\/#breadcrumb"},"inLanguage":"pt-BR","potentialAction":[{"@type":"ReadAction","target":["https:\/\/waves-tech.cl\/producto\/agujas-para-guia-electromiografica-emg-one\/"]}]},{"@type":"ImageObject","inLanguage":"pt-BR","@id":"https:\/\/waves-tech.cl\/producto\/agujas-para-guia-electromiografica-emg-one\/#primaryimage","url":"https:\/\/waves-tech.cl\/wp-content\/uploads\/2025\/10\/Inyectores-toxina.png","contentUrl":"https:\/\/waves-tech.cl\/wp-content\/uploads\/2025\/10\/Inyectores-toxina.png","width":1080,"height":1080},{"@type":"BreadcrumbList","@id":"https:\/\/waves-tech.cl\/producto\/agujas-para-guia-electromiografica-emg-one\/#breadcrumb","itemListElement":[{"@type":"ListItem","position":1,"name":"Portada","item":"https:\/\/waves-tech.cl\/"},{"@type":"ListItem","position":2,"name":"Tienda","item":"https:\/\/waves-tech.cl\/pt\/tienda\/"},{"@type":"ListItem","position":3,"name":"Agujas para inyecci\u00f3n guiada por electromiograf\u00eda (EMG)"}]},{"@type":"WebSite","@id":"https:\/\/waves-tech.cl\/pt\/#website","url":"https:\/\/waves-tech.cl\/pt\/","name":"Waves-Tech","description":"Tecnologia que reabilita","publisher":{"@id":"https:\/\/waves-tech.cl\/pt\/#organization"},"potentialAction":[{"@type":"SearchAction","target":{"@type":"EntryPoint","urlTemplate":"https:\/\/waves-tech.cl\/pt\/?s={search_term_string}"},"query-input":{"@type":"PropertyValueSpecification","valueRequired":true,"valueName":"search_term_string"}}],"inLanguage":"pt-BR"},{"@type":"Organization","@id":"https:\/\/waves-tech.cl\/pt\/#organization","name":"Waves-Tech","url":"https:\/\/waves-tech.cl\/pt\/","logo":{"@type":"ImageObject","inLanguage":"pt-BR","@id":"https:\/\/waves-tech.cl\/pt\/#\/schema\/logo\/image\/","url":"https:\/\/waves-tech.cl\/wp-content\/uploads\/2025\/07\/cropped-logo_waves.png","contentUrl":"https:\/\/waves-tech.cl\/wp-content\/uploads\/2025\/07\/cropped-logo_waves.png","width":1393,"height":615,"caption":"Waves-Tech"},"image":{"@id":"https:\/\/waves-tech.cl\/pt\/#\/schema\/logo\/image\/"}}]}},"_links":{"self":[{"href":"https:\/\/waves-tech.cl\/pt\/wp-json\/wp\/v2\/product\/1247","targetHints":{"allow":["GET"]}}],"collection":[{"href":"https:\/\/waves-tech.cl\/pt\/wp-json\/wp\/v2\/product"}],"about":[{"href":"https:\/\/waves-tech.cl\/pt\/wp-json\/wp\/v2\/types\/product"}],"wp:featuredmedia":[{"embeddable":true,"href":"https:\/\/waves-tech.cl\/pt\/wp-json\/wp\/v2\/media\/1270"}],"wp:attachment":[{"href":"https:\/\/waves-tech.cl\/pt\/wp-json\/wp\/v2\/media?parent=1247"}],"wp:term":[{"taxonomy":"product_brand","embeddable":true,"href":"https:\/\/waves-tech.cl\/pt\/wp-json\/wp\/v2\/product_brand?post=1247"},{"taxonomy":"product_cat","embeddable":true,"href":"https:\/\/waves-tech.cl\/pt\/wp-json\/wp\/v2\/product_cat?post=1247"},{"taxonomy":"product_tag","embeddable":true,"href":"https:\/\/waves-tech.cl\/pt\/wp-json\/wp\/v2\/product_tag?post=1247"}],"curies":[{"name":"wp","href":"https:\/\/api.w.org\/{rel}","templated":true}]}}