{"id":1230,"date":"2025-10-14T16:55:50","date_gmt":"2025-10-14T16:55:50","guid":{"rendered":"https:\/\/waves-tech.cl\/?post_type=product&#038;p=1230"},"modified":"2026-05-11T17:29:53","modified_gmt":"2026-05-11T17:29:53","slug":"electrodos-de-superficie","status":"publish","type":"product","link":"https:\/\/waves-tech.cl\/pt\/produto\/electrodos-de-superficie\/","title":{"rendered":"Eletrodos de superf\u00edcie"},"content":{"rendered":"<p>Eletrodos descart\u00e1veis com gel condutor e adesivo hipoalerg\u00eanico. Compat\u00edveis com EMG One e dispositivos padr\u00e3o de 2 mm. Certifica\u00e7\u00e3o CE\/ISO 13485.<\/p>","protected":false},"excerpt":{"rendered":"<p>Pacote com 2 eletrodos adesivos de superf\u00edcie de 20 mm ou 30 mm (quantidades 10 pacotes\/20 pacotes\/50 pacotes)<\/p>","protected":false},"featured_media":1231,"template":"","meta":[],"product_brand":[],"product_cat":[32],"product_tag":[],"class_list":{"0":"post-1230","1":"product","2":"type-product","3":"status-publish","4":"has-post-thumbnail","6":"product_cat-accesorios-emg-one","8":"first","9":"instock","10":"shipping-taxable","11":"purchasable","12":"product-type-variable"},"yoast_head":"<!-- This site is optimized with the Yoast SEO plugin v27.6 - https:\/\/yoast.com\/product\/yoast-seo-wordpress\/ -->\n<title>Electrodos de superficie - Waves-Tech<\/title>\n<meta name=\"description\" content=\"Accesorios cl\u00ednicos compatibles con EMG One. Calidad certificada y soporte directo de Waves Tech. Compra packs y repuestos desde Chile.\" \/>\n<meta name=\"robots\" content=\"index, follow, max-snippet:-1, max-image-preview:large, max-video-preview:-1\" \/>\n<link rel=\"canonical\" href=\"https:\/\/waves-tech.cl\/pt\/produto\/electrodos-de-superficie\/\" \/>\n<meta property=\"og:locale\" content=\"pt_BR\" \/>\n<meta property=\"og:type\" content=\"article\" \/>\n<meta property=\"og:title\" content=\"Electrodos de superficie - Waves-Tech\" \/>\n<meta property=\"og:description\" content=\"Accesorios cl\u00ednicos compatibles con EMG One. Calidad certificada y soporte directo de Waves Tech. Compra packs y repuestos desde Chile.\" \/>\n<meta property=\"og:url\" content=\"https:\/\/waves-tech.cl\/pt\/produto\/electrodos-de-superficie\/\" \/>\n<meta property=\"og:site_name\" content=\"Waves-Tech\" \/>\n<meta property=\"article:modified_time\" content=\"2026-05-11T17:29:53+00:00\" \/>\n<meta property=\"og:image\" content=\"https:\/\/waves-tech.cl\/wp-content\/uploads\/2025\/10\/Imagen-de-WhatsApp-2025-09-01-a-las-14.27.11_b776786e.jpg\" \/>\n\t<meta property=\"og:image:width\" content=\"1135\" \/>\n\t<meta property=\"og:image:height\" content=\"1150\" \/>\n\t<meta property=\"og:image:type\" content=\"image\/jpeg\" \/>\n<meta name=\"twitter:card\" content=\"summary_large_image\" \/>\n<meta name=\"twitter:label1\" content=\"Est. tempo de leitura\" \/>\n\t<meta name=\"twitter:data1\" content=\"1 minuto\" \/>\n<script type=\"application\/ld+json\" class=\"yoast-schema-graph\">{\"@context\":\"https:\\\/\\\/schema.org\",\"@graph\":[{\"@type\":\"WebPage\",\"@id\":\"https:\\\/\\\/waves-tech.cl\\\/producto\\\/electrodos-de-superficie\\\/\",\"url\":\"https:\\\/\\\/waves-tech.cl\\\/producto\\\/electrodos-de-superficie\\\/\",\"name\":\"Electrodos de superficie - Waves-Tech\",\"isPartOf\":{\"@id\":\"https:\\\/\\\/waves-tech.cl\\\/pt\\\/#website\"},\"primaryImageOfPage\":{\"@id\":\"https:\\\/\\\/waves-tech.cl\\\/producto\\\/electrodos-de-superficie\\\/#primaryimage\"},\"image\":{\"@id\":\"https:\\\/\\\/waves-tech.cl\\\/producto\\\/electrodos-de-superficie\\\/#primaryimage\"},\"thumbnailUrl\":\"https:\\\/\\\/waves-tech.cl\\\/wp-content\\\/uploads\\\/2025\\\/10\\\/Imagen-de-WhatsApp-2025-09-01-a-las-14.27.11_b776786e.jpg\",\"datePublished\":\"2025-10-14T16:55:50+00:00\",\"dateModified\":\"2026-05-11T17:29:53+00:00\",\"description\":\"Accesorios cl\u00ednicos compatibles con EMG One. Calidad certificada y soporte directo de Waves Tech. Compra packs y repuestos desde Chile.\",\"breadcrumb\":{\"@id\":\"https:\\\/\\\/waves-tech.cl\\\/producto\\\/electrodos-de-superficie\\\/#breadcrumb\"},\"inLanguage\":\"pt-BR\",\"potentialAction\":[{\"@type\":\"ReadAction\",\"target\":[\"https:\\\/\\\/waves-tech.cl\\\/producto\\\/electrodos-de-superficie\\\/\"]}]},{\"@type\":\"ImageObject\",\"inLanguage\":\"pt-BR\",\"@id\":\"https:\\\/\\\/waves-tech.cl\\\/producto\\\/electrodos-de-superficie\\\/#primaryimage\",\"url\":\"https:\\\/\\\/waves-tech.cl\\\/wp-content\\\/uploads\\\/2025\\\/10\\\/Imagen-de-WhatsApp-2025-09-01-a-las-14.27.11_b776786e.jpg\",\"contentUrl\":\"https:\\\/\\\/waves-tech.cl\\\/wp-content\\\/uploads\\\/2025\\\/10\\\/Imagen-de-WhatsApp-2025-09-01-a-las-14.27.11_b776786e.jpg\",\"width\":1135,\"height\":1150},{\"@type\":\"BreadcrumbList\",\"@id\":\"https:\\\/\\\/waves-tech.cl\\\/producto\\\/electrodos-de-superficie\\\/#breadcrumb\",\"itemListElement\":[{\"@type\":\"ListItem\",\"position\":1,\"name\":\"Portada\",\"item\":\"https:\\\/\\\/waves-tech.cl\\\/\"},{\"@type\":\"ListItem\",\"position\":2,\"name\":\"Tienda\",\"item\":\"https:\\\/\\\/waves-tech.cl\\\/pt\\\/tienda\\\/\"},{\"@type\":\"ListItem\",\"position\":3,\"name\":\"Electrodos de superficie\"}]},{\"@type\":\"WebSite\",\"@id\":\"https:\\\/\\\/waves-tech.cl\\\/pt\\\/#website\",\"url\":\"https:\\\/\\\/waves-tech.cl\\\/pt\\\/\",\"name\":\"Waves-Tech\",\"description\":\"Tecnolog\u00eda que Rehabilita\",\"publisher\":{\"@id\":\"https:\\\/\\\/waves-tech.cl\\\/pt\\\/#organization\"},\"potentialAction\":[{\"@type\":\"SearchAction\",\"target\":{\"@type\":\"EntryPoint\",\"urlTemplate\":\"https:\\\/\\\/waves-tech.cl\\\/pt\\\/?s={search_term_string}\"},\"query-input\":{\"@type\":\"PropertyValueSpecification\",\"valueRequired\":true,\"valueName\":\"search_term_string\"}}],\"inLanguage\":\"pt-BR\"},{\"@type\":\"Organization\",\"@id\":\"https:\\\/\\\/waves-tech.cl\\\/pt\\\/#organization\",\"name\":\"Waves-Tech\",\"url\":\"https:\\\/\\\/waves-tech.cl\\\/pt\\\/\",\"logo\":{\"@type\":\"ImageObject\",\"inLanguage\":\"pt-BR\",\"@id\":\"https:\\\/\\\/waves-tech.cl\\\/pt\\\/#\\\/schema\\\/logo\\\/image\\\/\",\"url\":\"https:\\\/\\\/waves-tech.cl\\\/wp-content\\\/uploads\\\/2025\\\/07\\\/cropped-logo_waves.png\",\"contentUrl\":\"https:\\\/\\\/waves-tech.cl\\\/wp-content\\\/uploads\\\/2025\\\/07\\\/cropped-logo_waves.png\",\"width\":1393,\"height\":615,\"caption\":\"Waves-Tech\"},\"image\":{\"@id\":\"https:\\\/\\\/waves-tech.cl\\\/pt\\\/#\\\/schema\\\/logo\\\/image\\\/\"}}]}<\/script>\n<!-- \/ Yoast SEO plugin. -->","yoast_head_json":{"title":"Electrodos de superficie - Waves-Tech","description":"Accesorios cl\u00ednicos compatibles con EMG One. Calidad certificada y soporte directo de Waves Tech. Compra packs y repuestos desde Chile.","robots":{"index":"index","follow":"follow","max-snippet":"max-snippet:-1","max-image-preview":"max-image-preview:large","max-video-preview":"max-video-preview:-1"},"canonical":"https:\/\/waves-tech.cl\/pt\/produto\/electrodos-de-superficie\/","og_locale":"pt_BR","og_type":"article","og_title":"Electrodos de superficie - Waves-Tech","og_description":"Accesorios cl\u00ednicos compatibles con EMG One. Calidad certificada y soporte directo de Waves Tech. Compra packs y repuestos desde Chile.","og_url":"https:\/\/waves-tech.cl\/pt\/produto\/electrodos-de-superficie\/","og_site_name":"Waves-Tech","article_modified_time":"2026-05-11T17:29:53+00:00","og_image":[{"width":1135,"height":1150,"url":"https:\/\/waves-tech.cl\/wp-content\/uploads\/2025\/10\/Imagen-de-WhatsApp-2025-09-01-a-las-14.27.11_b776786e.jpg","type":"image\/jpeg"}],"twitter_card":"summary_large_image","twitter_misc":{"Est. tempo de leitura":"1 minuto"},"schema":{"@context":"https:\/\/schema.org","@graph":[{"@type":"WebPage","@id":"https:\/\/waves-tech.cl\/producto\/electrodos-de-superficie\/","url":"https:\/\/waves-tech.cl\/producto\/electrodos-de-superficie\/","name":"Electrodos de superficie - Waves-Tech","isPartOf":{"@id":"https:\/\/waves-tech.cl\/pt\/#website"},"primaryImageOfPage":{"@id":"https:\/\/waves-tech.cl\/producto\/electrodos-de-superficie\/#primaryimage"},"image":{"@id":"https:\/\/waves-tech.cl\/producto\/electrodos-de-superficie\/#primaryimage"},"thumbnailUrl":"https:\/\/waves-tech.cl\/wp-content\/uploads\/2025\/10\/Imagen-de-WhatsApp-2025-09-01-a-las-14.27.11_b776786e.jpg","datePublished":"2025-10-14T16:55:50+00:00","dateModified":"2026-05-11T17:29:53+00:00","description":"Accesorios cl\u00ednicos compatibles con EMG One. Calidad certificada y soporte directo de Waves Tech. Compra packs y repuestos desde Chile.","breadcrumb":{"@id":"https:\/\/waves-tech.cl\/producto\/electrodos-de-superficie\/#breadcrumb"},"inLanguage":"pt-BR","potentialAction":[{"@type":"ReadAction","target":["https:\/\/waves-tech.cl\/producto\/electrodos-de-superficie\/"]}]},{"@type":"ImageObject","inLanguage":"pt-BR","@id":"https:\/\/waves-tech.cl\/producto\/electrodos-de-superficie\/#primaryimage","url":"https:\/\/waves-tech.cl\/wp-content\/uploads\/2025\/10\/Imagen-de-WhatsApp-2025-09-01-a-las-14.27.11_b776786e.jpg","contentUrl":"https:\/\/waves-tech.cl\/wp-content\/uploads\/2025\/10\/Imagen-de-WhatsApp-2025-09-01-a-las-14.27.11_b776786e.jpg","width":1135,"height":1150},{"@type":"BreadcrumbList","@id":"https:\/\/waves-tech.cl\/producto\/electrodos-de-superficie\/#breadcrumb","itemListElement":[{"@type":"ListItem","position":1,"name":"Portada","item":"https:\/\/waves-tech.cl\/"},{"@type":"ListItem","position":2,"name":"Tienda","item":"https:\/\/waves-tech.cl\/pt\/tienda\/"},{"@type":"ListItem","position":3,"name":"Electrodos de superficie"}]},{"@type":"WebSite","@id":"https:\/\/waves-tech.cl\/pt\/#website","url":"https:\/\/waves-tech.cl\/pt\/","name":"Waves-Tech","description":"Tecnologia que reabilita","publisher":{"@id":"https:\/\/waves-tech.cl\/pt\/#organization"},"potentialAction":[{"@type":"SearchAction","target":{"@type":"EntryPoint","urlTemplate":"https:\/\/waves-tech.cl\/pt\/?s={search_term_string}"},"query-input":{"@type":"PropertyValueSpecification","valueRequired":true,"valueName":"search_term_string"}}],"inLanguage":"pt-BR"},{"@type":"Organization","@id":"https:\/\/waves-tech.cl\/pt\/#organization","name":"Waves-Tech","url":"https:\/\/waves-tech.cl\/pt\/","logo":{"@type":"ImageObject","inLanguage":"pt-BR","@id":"https:\/\/waves-tech.cl\/pt\/#\/schema\/logo\/image\/","url":"https:\/\/waves-tech.cl\/wp-content\/uploads\/2025\/07\/cropped-logo_waves.png","contentUrl":"https:\/\/waves-tech.cl\/wp-content\/uploads\/2025\/07\/cropped-logo_waves.png","width":1393,"height":615,"caption":"Waves-Tech"},"image":{"@id":"https:\/\/waves-tech.cl\/pt\/#\/schema\/logo\/image\/"}}]}},"_links":{"self":[{"href":"https:\/\/waves-tech.cl\/pt\/wp-json\/wp\/v2\/product\/1230","targetHints":{"allow":["GET"]}}],"collection":[{"href":"https:\/\/waves-tech.cl\/pt\/wp-json\/wp\/v2\/product"}],"about":[{"href":"https:\/\/waves-tech.cl\/pt\/wp-json\/wp\/v2\/types\/product"}],"wp:featuredmedia":[{"embeddable":true,"href":"https:\/\/waves-tech.cl\/pt\/wp-json\/wp\/v2\/media\/1231"}],"wp:attachment":[{"href":"https:\/\/waves-tech.cl\/pt\/wp-json\/wp\/v2\/media?parent=1230"}],"wp:term":[{"taxonomy":"product_brand","embeddable":true,"href":"https:\/\/waves-tech.cl\/pt\/wp-json\/wp\/v2\/product_brand?post=1230"},{"taxonomy":"product_cat","embeddable":true,"href":"https:\/\/waves-tech.cl\/pt\/wp-json\/wp\/v2\/product_cat?post=1230"},{"taxonomy":"product_tag","embeddable":true,"href":"https:\/\/waves-tech.cl\/pt\/wp-json\/wp\/v2\/product_tag?post=1230"}],"curies":[{"name":"wp","href":"https:\/\/api.w.org\/{rel}","templated":true}]}}