{"id":932,"date":"2025-09-05T00:34:19","date_gmt":"2025-09-05T00:34:19","guid":{"rendered":"https:\/\/wp.waves-tech.cl\/?page_id=932"},"modified":"2026-02-12T16:05:38","modified_gmt":"2026-02-12T16:05:38","slug":"aplicaciones","status":"publish","type":"page","link":"https:\/\/waves-tech.cl\/pt\/aplicaciones\/","title":{"rendered":"Aplica\u00e7\u00f5es"},"content":{"rendered":"<div data-elementor-type=\"wp-page\" data-elementor-id=\"932\" class=\"elementor elementor-932\" data-elementor-post-type=\"page\">\n\t\t\t\t<div class=\"elementor-element elementor-element-bdce30b e-flex e-con-boxed e-con e-parent\" data-id=\"bdce30b\" data-element_type=\"container\" data-e-type=\"container\">\n\t\t\t\t\t<div class=\"e-con-inner\">\n\t\t<div class=\"elementor-element elementor-element-be657f7 e-con-full e-flex e-con e-child\" data-id=\"be657f7\" data-element_type=\"container\" data-e-type=\"container\">\n\t\t\t\t<div class=\"elementor-element elementor-element-1276482 elementor-widget elementor-widget-html\" data-id=\"1276482\" data-element_type=\"widget\" data-e-type=\"widget\" data-widget_type=\"html.default\">\n\t\t\t\t\t<iframe width=\"590\" height=\"332\" src=\"https:\/\/www.youtube.com\/embed\/rg-7IOrdrmU\" title=\"Manual EMG ONE 1\" frameborder=\"0\" allow=\"accelerometer; autoplay; clipboard-write; encrypted-media; gyroscope; picture-in-picture; web-share\" referrerpolicy=\"strict-origin-when-cross-origin\" allowfullscreen><\/iframe>\t\t\t\t<\/div>\n\t\t\t\t<\/div>\n\t\t<div class=\"elementor-element elementor-element-594430b e-con-full e-flex e-con e-child\" data-id=\"594430b\" data-element_type=\"container\" data-e-type=\"container\">\n\t\t\t\t<div class=\"elementor-element elementor-element-f9121d8 elementor-widget elementor-widget-heading\" data-id=\"f9121d8\" data-element_type=\"widget\" data-e-type=\"widget\" data-widget_type=\"heading.default\">\n\t\t\t\t\t<h2 class=\"elementor-heading-title elementor-size-default\">EMG Uma Loica<\/h2>\t\t\t\t<\/div>\n\t\t\t\t<div class=\"elementor-element elementor-element-a8645b5 elementor-widget elementor-widget-text-editor\" data-id=\"a8645b5\" data-element_type=\"widget\" data-e-type=\"widget\" data-widget_type=\"text-editor.default\">\n\t\t\t\t\t\t\t\t\t<p>\u00c9 um jogo em que uma Loica, controlada pela atividade muscular do usu\u00e1rio, deve desviar de obst\u00e1culos. Permite o treinamento utilizando diversos paradigmas: velocidade, for\u00e7a-resist\u00eancia, coordena\u00e7\u00e3o, etc., que podem ser aplicados a diferentes objetivos de reabilita\u00e7\u00e3o. H\u00e1 diferentes modos de jogo, personagens e cen\u00e1rios que tornam a atividade mais divertida. Loica \u00e9 um aplicativo multiplataforma e est\u00e1 dispon\u00edvel no Signal para Android.<\/p>\t\t\t\t\t\t\t\t<\/div>\n\t\t\t\t<div class=\"elementor-element elementor-element-754be2a elementor-widget__width-initial elementor-widget elementor-widget-image\" data-id=\"754be2a\" data-element_type=\"widget\" data-e-type=\"widget\" data-widget_type=\"image.default\">\n\t\t\t\t\t\t\t\t\t\t\t\t\t\t\t\t<a href=\"https:\/\/play.google.com\/store\/apps\/details?id=com.waves_tech.loica&#038;hl=es_CL\" target=\"_blank\" rel=\"nofollow\">\n\t\t\t\t\t\t\t<img fetchpriority=\"high\" decoding=\"async\" width=\"800\" height=\"238\" src=\"https:\/\/waves-tech.cl\/wp-content\/uploads\/2025\/09\/Google_Play_Store_badge_EN.svg-1024x304.png\" class=\"elementor-animation-grow attachment-large size-large wp-image-897\" alt=\"\" srcset=\"https:\/\/waves-tech.cl\/wp-content\/uploads\/2025\/09\/Google_Play_Store_badge_EN.svg-1024x304.png 1024w, https:\/\/waves-tech.cl\/wp-content\/uploads\/2025\/09\/Google_Play_Store_badge_EN.svg-600x178.png 600w, https:\/\/waves-tech.cl\/wp-content\/uploads\/2025\/09\/Google_Play_Store_badge_EN.svg-300x89.png 300w, https:\/\/waves-tech.cl\/wp-content\/uploads\/2025\/09\/Google_Play_Store_badge_EN.svg-768x228.png 768w, https:\/\/waves-tech.cl\/wp-content\/uploads\/2025\/09\/Google_Play_Store_badge_EN.svg-1536x455.png 1536w, https:\/\/waves-tech.cl\/wp-content\/uploads\/2025\/09\/Google_Play_Store_badge_EN.svg-2048x607.png 2048w, https:\/\/waves-tech.cl\/wp-content\/uploads\/2025\/09\/Google_Play_Store_badge_EN.svg-18x5.png 18w\" sizes=\"(max-width: 800px) 100vw, 800px\" \/>\t\t\t\t\t\t\t\t<\/a>\n\t\t\t\t\t\t\t\t\t\t\t\t\t\t\t<\/div>\n\t\t\t\t<\/div>\n\t\t\t\t\t<\/div>\n\t\t\t\t<\/div>\n\t\t<div class=\"elementor-element elementor-element-23977bd e-flex e-con-boxed e-con e-parent\" data-id=\"23977bd\" data-element_type=\"container\" data-e-type=\"container\">\n\t\t\t\t\t<div class=\"e-con-inner\">\n\t\t<div class=\"elementor-element elementor-element-a03db82 e-con-full e-flex e-con e-child\" data-id=\"a03db82\" data-element_type=\"container\" data-e-type=\"container\">\n\t\t\t\t<div class=\"elementor-element elementor-element-75269de elementor-widget elementor-widget-html\" data-id=\"75269de\" data-element_type=\"widget\" data-e-type=\"widget\" data-widget_type=\"html.default\">\n\t\t\t\t\t<iframe width=\"590\" height=\"332\" src=\"https:\/\/www.youtube.com\/embed\/ukOVTjHbyqk\" title=\"Usando o EMG One para grava\u00e7\u00e3o do tibial anterior\" frameborder=\"0\" allow=\"accelerometer; autoplay; clipboard-write; encrypted-media; gyroscope; picture-in-picture; web-share\" referrerpolicy=\"strict-origin-when-cross-origin\" allowfullscreen><\/iframe>\t\t\t\t<\/div>\n\t\t\t\t<\/div>\n\t\t<div class=\"elementor-element elementor-element-ae2992f e-con-full e-flex e-con e-child\" data-id=\"ae2992f\" data-element_type=\"container\" data-e-type=\"container\">\n\t\t\t\t<div class=\"elementor-element elementor-element-a577734 elementor-widget elementor-widget-heading\" data-id=\"a577734\" data-element_type=\"widget\" data-e-type=\"widget\" data-widget_type=\"heading.default\">\n\t\t\t\t\t<h2 class=\"elementor-heading-title elementor-size-default\">Emg Um Sinal<\/h2>\t\t\t\t<\/div>\n\t\t\t\t<div class=\"elementor-element elementor-element-2c5c5cb elementor-widget elementor-widget-text-editor\" data-id=\"2c5c5cb\" data-element_type=\"widget\" data-e-type=\"widget\" data-widget_type=\"text-editor.default\">\n\t\t\t\t\t\t\t\t\t<p>\u00c9 um jogo em que uma Loica, controlada pela atividade muscular do usu\u00e1rio, deve desviar de obst\u00e1culos. Permite o treinamento utilizando diversos paradigmas: velocidade, for\u00e7a-resist\u00eancia, coordena\u00e7\u00e3o, etc., que podem ser aplicados a diferentes objetivos de reabilita\u00e7\u00e3o. H\u00e1 diferentes modos de jogo, personagens e cen\u00e1rios que tornam a atividade mais divertida. Loica \u00e9 um aplicativo multiplataforma e est\u00e1 dispon\u00edvel no Signal para Android.<\/p>\t\t\t\t\t\t\t\t<\/div>\n\t\t\t\t<div class=\"elementor-element elementor-element-59466fa elementor-widget__width-initial elementor-widget elementor-widget-image\" data-id=\"59466fa\" data-element_type=\"widget\" data-e-type=\"widget\" data-widget_type=\"image.default\">\n\t\t\t\t\t\t\t\t\t\t\t\t\t\t\t\t<a href=\"https:\/\/play.google.com\/store\/apps\/details?id=com.waves_tech.emgone_signal\" target=\"_blank\" rel=\"nofollow\">\n\t\t\t\t\t\t\t<img fetchpriority=\"high\" decoding=\"async\" width=\"800\" height=\"238\" src=\"https:\/\/waves-tech.cl\/wp-content\/uploads\/2025\/09\/Google_Play_Store_badge_EN.svg-1024x304.png\" class=\"elementor-animation-grow attachment-large size-large wp-image-897\" alt=\"\" srcset=\"https:\/\/waves-tech.cl\/wp-content\/uploads\/2025\/09\/Google_Play_Store_badge_EN.svg-1024x304.png 1024w, https:\/\/waves-tech.cl\/wp-content\/uploads\/2025\/09\/Google_Play_Store_badge_EN.svg-600x178.png 600w, https:\/\/waves-tech.cl\/wp-content\/uploads\/2025\/09\/Google_Play_Store_badge_EN.svg-300x89.png 300w, https:\/\/waves-tech.cl\/wp-content\/uploads\/2025\/09\/Google_Play_Store_badge_EN.svg-768x228.png 768w, https:\/\/waves-tech.cl\/wp-content\/uploads\/2025\/09\/Google_Play_Store_badge_EN.svg-1536x455.png 1536w, https:\/\/waves-tech.cl\/wp-content\/uploads\/2025\/09\/Google_Play_Store_badge_EN.svg-2048x607.png 2048w, https:\/\/waves-tech.cl\/wp-content\/uploads\/2025\/09\/Google_Play_Store_badge_EN.svg-18x5.png 18w\" sizes=\"(max-width: 800px) 100vw, 800px\" \/>\t\t\t\t\t\t\t\t<\/a>\n\t\t\t\t\t\t\t\t\t\t\t\t\t\t\t<\/div>\n\t\t\t\t<\/div>\n\t\t\t\t\t<\/div>\n\t\t\t\t<\/div>\n\t\t<div class=\"elementor-element elementor-element-6230239 e-flex e-con-boxed e-con e-parent\" data-id=\"6230239\" data-element_type=\"container\" data-e-type=\"container\">\n\t\t\t\t\t<div class=\"e-con-inner\">\n\t\t<div class=\"elementor-element elementor-element-923f6e6 e-con-full e-flex e-con e-child\" data-id=\"923f6e6\" data-element_type=\"container\" data-e-type=\"container\">\n\t\t\t\t<div class=\"elementor-element elementor-element-87e7188 elementor-widget elementor-widget-image\" data-id=\"87e7188\" data-element_type=\"widget\" data-e-type=\"widget\" data-widget_type=\"image.default\">\n\t\t\t\t\t\t\t\t\t\t\t\t\t\t\t<img decoding=\"async\" width=\"800\" height=\"1000\" src=\"https:\/\/waves-tech.cl\/wp-content\/uploads\/2025\/08\/Diseno-sin-titulo-15-819x1024.png\" class=\"attachment-large size-large wp-image-655\" alt=\"\" srcset=\"https:\/\/waves-tech.cl\/wp-content\/uploads\/2025\/08\/Diseno-sin-titulo-15-819x1024.png 819w, https:\/\/waves-tech.cl\/wp-content\/uploads\/2025\/08\/Diseno-sin-titulo-15-600x750.png 600w, https:\/\/waves-tech.cl\/wp-content\/uploads\/2025\/08\/Diseno-sin-titulo-15-240x300.png 240w, https:\/\/waves-tech.cl\/wp-content\/uploads\/2025\/08\/Diseno-sin-titulo-15-768x960.png 768w, https:\/\/waves-tech.cl\/wp-content\/uploads\/2025\/08\/Diseno-sin-titulo-15-10x12.png 10w, https:\/\/waves-tech.cl\/wp-content\/uploads\/2025\/08\/Diseno-sin-titulo-15.png 1080w\" sizes=\"(max-width: 800px) 100vw, 800px\" \/>\t\t\t\t\t\t\t\t\t\t\t\t\t\t\t<\/div>\n\t\t\t\t<\/div>\n\t\t<div class=\"elementor-element elementor-element-2e0d6de e-con-full e-flex e-con e-child\" data-id=\"2e0d6de\" data-element_type=\"container\" data-e-type=\"container\">\n\t\t\t\t<div class=\"elementor-element elementor-element-d99fb57 elementor-widget elementor-widget-heading\" data-id=\"d99fb57\" data-element_type=\"widget\" data-e-type=\"widget\" data-widget_type=\"heading.default\">\n\t\t\t\t\t<h2 class=\"elementor-heading-title elementor-size-default\">Servidor de dados<\/h2>\t\t\t\t<\/div>\n\t\t\t\t<div class=\"elementor-element elementor-element-92b98ac elementor-widget elementor-widget-text-editor\" data-id=\"92b98ac\" data-element_type=\"widget\" data-e-type=\"widget\" data-widget_type=\"text-editor.default\">\n\t\t\t\t\t\t\t\t\t<p>\u00c9 um banco de dados que permite manter um hist\u00f3rico de sess\u00f5es, realizar monitoramento remoto (telemetria) para telerreabilita\u00e7\u00e3o, fornecer manuais e treinamento em v\u00eddeo, contas para pacientes e terapeutas, contas de terapeutas podem revisar o hist\u00f3rico de v\u00e1rios pacientes, sistema de permiss\u00f5es e privacidade, servidor seguro (digital ocean), recebe e armazena sess\u00f5es de treinamento; pode ser baixado em Excel, voc\u00ea pode monitorar seus pacientes remotamente.<\/p>\t\t\t\t\t\t\t\t<\/div>\n\t\t\t\t<div class=\"elementor-element elementor-element-1e71ba4 elementor-widget elementor-widget-button\" data-id=\"1e71ba4\" data-element_type=\"widget\" data-e-type=\"widget\" data-widget_type=\"button.default\">\n\t\t\t\t\t\t\t\t\t\t<a class=\"elementor-button elementor-button-link elementor-size-sm\" href=\"https:\/\/www.emgone.cl\" target=\"_blank\" rel=\"nofollow\">\n\t\t\t\t\t\t<span class=\"elementor-button-content-wrapper\">\n\t\t\t\t\t\t<span class=\"elementor-button-icon\">\n\t\t\t\t<svg aria-hidden=\"true\" class=\"e-font-icon-svg e-fas-server\" viewbox=\"0 0 512 512\" xmlns=\"http:\/\/www.w3.org\/2000\/svg\"><path d=\"M480 160H32c-17.673 0-32-14.327-32-32V64c0-17.673 14.327-32 32-32h448c17.673 0 32 14.327 32 32v64c0 17.673-14.327 32-32 32zm-48-88c-13.255 0-24 10.745-24 24s10.745 24 24 24 24-10.745 24-24-10.745-24-24-24zm-64 0c-13.255 0-24 10.745-24 24s10.745 24 24 24 24-10.745 24-24-10.745-24-24-24zm112 248H32c-17.673 0-32-14.327-32-32v-64c0-17.673 14.327-32 32-32h448c17.673 0 32 14.327 32 32v64c0 17.673-14.327 32-32 32zm-48-88c-13.255 0-24 10.745-24 24s10.745 24 24 24 24-10.745 24-24-10.745-24-24-24zm-64 0c-13.255 0-24 10.745-24 24s10.745 24 24 24 24-10.745 24-24-10.745-24-24-24zm112 248H32c-17.673 0-32-14.327-32-32v-64c0-17.673 14.327-32 32-32h448c17.673 0 32 14.327 32 32v64c0 17.673-14.327 32-32 32zm-48-88c-13.255 0-24 10.745-24 24s10.745 24 24 24 24-10.745 24-24-10.745-24-24-24zm-64 0c-13.255 0-24 10.745-24 24s10.745 24 24 24 24-10.745 24-24-10.745-24-24-24z\"><\/path><\/svg>\t\t\t<\/span>\n\t\t\t\t\t\t\t\t\t<span class=\"elementor-button-text\">Acesse aqui<\/span>\n\t\t\t\t\t<\/span>\n\t\t\t\t\t<\/a>\n\t\t\t\t\t\t\t\t<\/div>\n\t\t\t\t<\/div>\n\t\t\t\t\t<\/div>\n\t\t\t\t<\/div>\n\t\t\t\t<\/div>","protected":false},"excerpt":{"rendered":"<p>EMG One Loica Es un juego en el que una Loica que es controlada por la actividad muscular del usuario debe esquivar obst\u00e1culos. Permite realizar entrenamiento utilizando diversos paradigmas: velocidad, fuerza \u2013 resistencia, coordinaci\u00f3n, etc, lo que se aplica a diferentes objetivos de rehabilitaci\u00f3n. Existen distintos modos de juego, varios personajes y escenarios que hacen [&hellip;]<\/p>\n","protected":false},"author":2,"featured_media":0,"parent":0,"menu_order":0,"comment_status":"closed","ping_status":"closed","template":"","meta":{"footnotes":""},"class_list":["post-932","page","type-page","status-publish","hentry"],"yoast_head":"<!-- This site is optimized with the Yoast SEO plugin v27.6 - https:\/\/yoast.com\/product\/yoast-seo-wordpress\/ -->\n<title>Aplicaciones - Waves-Tech<\/title>\n<meta name=\"robots\" content=\"index, follow, max-snippet:-1, max-image-preview:large, max-video-preview:-1\" \/>\n<link rel=\"canonical\" href=\"https:\/\/waves-tech.cl\/pt\/aplicaciones\/\" \/>\n<meta property=\"og:locale\" content=\"pt_BR\" \/>\n<meta property=\"og:type\" content=\"article\" \/>\n<meta property=\"og:title\" content=\"Aplicaciones - Waves-Tech\" \/>\n<meta property=\"og:description\" content=\"EMG One Loica Es un juego en el que una Loica que es controlada por la actividad muscular del usuario debe esquivar obst\u00e1culos. Permite realizar entrenamiento utilizando diversos paradigmas: velocidad, fuerza \u2013 resistencia, coordinaci\u00f3n, etc, lo que se aplica a diferentes objetivos de rehabilitaci\u00f3n. Existen distintos modos de juego, varios personajes y escenarios que hacen [&hellip;]\" \/>\n<meta property=\"og:url\" content=\"https:\/\/waves-tech.cl\/pt\/aplicaciones\/\" \/>\n<meta property=\"og:site_name\" content=\"Waves-Tech\" \/>\n<meta property=\"article:modified_time\" content=\"2026-02-12T16:05:38+00:00\" \/>\n<meta property=\"og:image\" content=\"https:\/\/waves-tech.cl\/wp-content\/uploads\/2025\/09\/Google_Play_Store_badge_EN.svg-1024x304.png\" \/>\n<meta name=\"twitter:card\" content=\"summary_large_image\" \/>\n<meta name=\"twitter:label1\" content=\"Est. tempo de leitura\" \/>\n\t<meta name=\"twitter:data1\" content=\"2 minutos\" \/>\n<script type=\"application\/ld+json\" class=\"yoast-schema-graph\">{\"@context\":\"https:\\\/\\\/schema.org\",\"@graph\":[{\"@type\":\"WebPage\",\"@id\":\"https:\\\/\\\/waves-tech.cl\\\/aplicaciones\\\/\",\"url\":\"https:\\\/\\\/waves-tech.cl\\\/aplicaciones\\\/\",\"name\":\"Aplicaciones - Waves-Tech\",\"isPartOf\":{\"@id\":\"https:\\\/\\\/waves-tech.cl\\\/pt\\\/#website\"},\"primaryImageOfPage\":{\"@id\":\"https:\\\/\\\/waves-tech.cl\\\/aplicaciones\\\/#primaryimage\"},\"image\":{\"@id\":\"https:\\\/\\\/waves-tech.cl\\\/aplicaciones\\\/#primaryimage\"},\"thumbnailUrl\":\"https:\\\/\\\/waves-tech.cl\\\/wp-content\\\/uploads\\\/2025\\\/09\\\/Google_Play_Store_badge_EN.svg-1024x304.png\",\"datePublished\":\"2025-09-05T00:34:19+00:00\",\"dateModified\":\"2026-02-12T16:05:38+00:00\",\"breadcrumb\":{\"@id\":\"https:\\\/\\\/waves-tech.cl\\\/aplicaciones\\\/#breadcrumb\"},\"inLanguage\":\"pt-BR\",\"potentialAction\":[{\"@type\":\"ReadAction\",\"target\":[\"https:\\\/\\\/waves-tech.cl\\\/aplicaciones\\\/\"]}]},{\"@type\":\"ImageObject\",\"inLanguage\":\"pt-BR\",\"@id\":\"https:\\\/\\\/waves-tech.cl\\\/aplicaciones\\\/#primaryimage\",\"url\":\"https:\\\/\\\/waves-tech.cl\\\/wp-content\\\/uploads\\\/2025\\\/09\\\/Google_Play_Store_badge_EN.svg-1024x304.png\",\"contentUrl\":\"https:\\\/\\\/waves-tech.cl\\\/wp-content\\\/uploads\\\/2025\\\/09\\\/Google_Play_Store_badge_EN.svg-1024x304.png\"},{\"@type\":\"BreadcrumbList\",\"@id\":\"https:\\\/\\\/waves-tech.cl\\\/aplicaciones\\\/#breadcrumb\",\"itemListElement\":[{\"@type\":\"ListItem\",\"position\":1,\"name\":\"Portada\",\"item\":\"https:\\\/\\\/waves-tech.cl\\\/\"},{\"@type\":\"ListItem\",\"position\":2,\"name\":\"Aplicaciones\"}]},{\"@type\":\"WebSite\",\"@id\":\"https:\\\/\\\/waves-tech.cl\\\/pt\\\/#website\",\"url\":\"https:\\\/\\\/waves-tech.cl\\\/pt\\\/\",\"name\":\"Waves-Tech\",\"description\":\"Tecnolog\u00eda que Rehabilita\",\"publisher\":{\"@id\":\"https:\\\/\\\/waves-tech.cl\\\/pt\\\/#organization\"},\"potentialAction\":[{\"@type\":\"SearchAction\",\"target\":{\"@type\":\"EntryPoint\",\"urlTemplate\":\"https:\\\/\\\/waves-tech.cl\\\/pt\\\/?s={search_term_string}\"},\"query-input\":{\"@type\":\"PropertyValueSpecification\",\"valueRequired\":true,\"valueName\":\"search_term_string\"}}],\"inLanguage\":\"pt-BR\"},{\"@type\":\"Organization\",\"@id\":\"https:\\\/\\\/waves-tech.cl\\\/pt\\\/#organization\",\"name\":\"Waves-Tech\",\"url\":\"https:\\\/\\\/waves-tech.cl\\\/pt\\\/\",\"logo\":{\"@type\":\"ImageObject\",\"inLanguage\":\"pt-BR\",\"@id\":\"https:\\\/\\\/waves-tech.cl\\\/pt\\\/#\\\/schema\\\/logo\\\/image\\\/\",\"url\":\"https:\\\/\\\/waves-tech.cl\\\/wp-content\\\/uploads\\\/2025\\\/07\\\/cropped-logo_waves.png\",\"contentUrl\":\"https:\\\/\\\/waves-tech.cl\\\/wp-content\\\/uploads\\\/2025\\\/07\\\/cropped-logo_waves.png\",\"width\":1393,\"height\":615,\"caption\":\"Waves-Tech\"},\"image\":{\"@id\":\"https:\\\/\\\/waves-tech.cl\\\/pt\\\/#\\\/schema\\\/logo\\\/image\\\/\"}}]}<\/script>\n<!-- \/ Yoast SEO plugin. -->","yoast_head_json":{"title":"Aplicaciones - Waves-Tech","robots":{"index":"index","follow":"follow","max-snippet":"max-snippet:-1","max-image-preview":"max-image-preview:large","max-video-preview":"max-video-preview:-1"},"canonical":"https:\/\/waves-tech.cl\/pt\/aplicaciones\/","og_locale":"pt_BR","og_type":"article","og_title":"Aplicaciones - Waves-Tech","og_description":"EMG One Loica Es un juego en el que una Loica que es controlada por la actividad muscular del usuario debe esquivar obst\u00e1culos. Permite realizar entrenamiento utilizando diversos paradigmas: velocidad, fuerza \u2013 resistencia, coordinaci\u00f3n, etc, lo que se aplica a diferentes objetivos de rehabilitaci\u00f3n. Existen distintos modos de juego, varios personajes y escenarios que hacen [&hellip;]","og_url":"https:\/\/waves-tech.cl\/pt\/aplicaciones\/","og_site_name":"Waves-Tech","article_modified_time":"2026-02-12T16:05:38+00:00","og_image":[{"url":"https:\/\/waves-tech.cl\/wp-content\/uploads\/2025\/09\/Google_Play_Store_badge_EN.svg-1024x304.png","type":"","width":"","height":""}],"twitter_card":"summary_large_image","twitter_misc":{"Est. tempo de leitura":"2 minutos"},"schema":{"@context":"https:\/\/schema.org","@graph":[{"@type":"WebPage","@id":"https:\/\/waves-tech.cl\/aplicaciones\/","url":"https:\/\/waves-tech.cl\/aplicaciones\/","name":"Aplicaciones - Waves-Tech","isPartOf":{"@id":"https:\/\/waves-tech.cl\/pt\/#website"},"primaryImageOfPage":{"@id":"https:\/\/waves-tech.cl\/aplicaciones\/#primaryimage"},"image":{"@id":"https:\/\/waves-tech.cl\/aplicaciones\/#primaryimage"},"thumbnailUrl":"https:\/\/waves-tech.cl\/wp-content\/uploads\/2025\/09\/Google_Play_Store_badge_EN.svg-1024x304.png","datePublished":"2025-09-05T00:34:19+00:00","dateModified":"2026-02-12T16:05:38+00:00","breadcrumb":{"@id":"https:\/\/waves-tech.cl\/aplicaciones\/#breadcrumb"},"inLanguage":"pt-BR","potentialAction":[{"@type":"ReadAction","target":["https:\/\/waves-tech.cl\/aplicaciones\/"]}]},{"@type":"ImageObject","inLanguage":"pt-BR","@id":"https:\/\/waves-tech.cl\/aplicaciones\/#primaryimage","url":"https:\/\/waves-tech.cl\/wp-content\/uploads\/2025\/09\/Google_Play_Store_badge_EN.svg-1024x304.png","contentUrl":"https:\/\/waves-tech.cl\/wp-content\/uploads\/2025\/09\/Google_Play_Store_badge_EN.svg-1024x304.png"},{"@type":"BreadcrumbList","@id":"https:\/\/waves-tech.cl\/aplicaciones\/#breadcrumb","itemListElement":[{"@type":"ListItem","position":1,"name":"Portada","item":"https:\/\/waves-tech.cl\/"},{"@type":"ListItem","position":2,"name":"Aplicaciones"}]},{"@type":"WebSite","@id":"https:\/\/waves-tech.cl\/pt\/#website","url":"https:\/\/waves-tech.cl\/pt\/","name":"Waves-Tech","description":"Tecnologia que reabilita","publisher":{"@id":"https:\/\/waves-tech.cl\/pt\/#organization"},"potentialAction":[{"@type":"SearchAction","target":{"@type":"EntryPoint","urlTemplate":"https:\/\/waves-tech.cl\/pt\/?s={search_term_string}"},"query-input":{"@type":"PropertyValueSpecification","valueRequired":true,"valueName":"search_term_string"}}],"inLanguage":"pt-BR"},{"@type":"Organization","@id":"https:\/\/waves-tech.cl\/pt\/#organization","name":"Waves-Tech","url":"https:\/\/waves-tech.cl\/pt\/","logo":{"@type":"ImageObject","inLanguage":"pt-BR","@id":"https:\/\/waves-tech.cl\/pt\/#\/schema\/logo\/image\/","url":"https:\/\/waves-tech.cl\/wp-content\/uploads\/2025\/07\/cropped-logo_waves.png","contentUrl":"https:\/\/waves-tech.cl\/wp-content\/uploads\/2025\/07\/cropped-logo_waves.png","width":1393,"height":615,"caption":"Waves-Tech"},"image":{"@id":"https:\/\/waves-tech.cl\/pt\/#\/schema\/logo\/image\/"}}]}},"_links":{"self":[{"href":"https:\/\/waves-tech.cl\/pt\/wp-json\/wp\/v2\/pages\/932","targetHints":{"allow":["GET"]}}],"collection":[{"href":"https:\/\/waves-tech.cl\/pt\/wp-json\/wp\/v2\/pages"}],"about":[{"href":"https:\/\/waves-tech.cl\/pt\/wp-json\/wp\/v2\/types\/page"}],"author":[{"embeddable":true,"href":"https:\/\/waves-tech.cl\/pt\/wp-json\/wp\/v2\/users\/2"}],"replies":[{"embeddable":true,"href":"https:\/\/waves-tech.cl\/pt\/wp-json\/wp\/v2\/comments?post=932"}],"version-history":[{"count":14,"href":"https:\/\/waves-tech.cl\/pt\/wp-json\/wp\/v2\/pages\/932\/revisions"}],"predecessor-version":[{"id":1354,"href":"https:\/\/waves-tech.cl\/pt\/wp-json\/wp\/v2\/pages\/932\/revisions\/1354"}],"wp:attachment":[{"href":"https:\/\/waves-tech.cl\/pt\/wp-json\/wp\/v2\/media?parent=932"}],"curies":[{"name":"wp","href":"https:\/\/api.w.org\/{rel}","templated":true}]}}