{"id":1842,"date":"2026-04-01T16:20:15","date_gmt":"2026-04-01T16:20:15","guid":{"rendered":"https:\/\/waves-tech.cl\/?page_id=1842"},"modified":"2026-04-07T19:37:12","modified_gmt":"2026-04-07T19:37:12","slug":"gracias-demo","status":"publish","type":"page","link":"https:\/\/waves-tech.cl\/pt\/gracias-demo\/","title":{"rendered":"Gracias Demo"},"content":{"rendered":"<div data-elementor-type=\"wp-page\" data-elementor-id=\"1842\" class=\"elementor elementor-1842\" data-elementor-post-type=\"page\">\n\t\t\t\t<div class=\"elementor-element elementor-element-44158cd e-flex e-con-boxed e-con e-parent\" data-id=\"44158cd\" data-element_type=\"container\" data-e-type=\"container\" data-settings=\"{&quot;background_background&quot;:&quot;classic&quot;}\">\n\t\t\t\t\t<div class=\"e-con-inner\">\n\t\t\t\t<div class=\"elementor-element elementor-element-8652cdf elementor-widget elementor-widget-heading\" data-id=\"8652cdf\" data-element_type=\"widget\" data-e-type=\"widget\" data-widget_type=\"heading.default\">\n\t\t\t\t\t<h2 class=\"elementor-heading-title elementor-size-default\">\u00a1Tu demo est\u00e1 confirmada!<\/h2>\t\t\t\t<\/div>\n\t\t\t\t<div class=\"elementor-element elementor-element-fac9ca5 elementor-widget elementor-widget-text-editor\" data-id=\"fac9ca5\" data-element_type=\"widget\" data-e-type=\"widget\" data-widget_type=\"text-editor.default\">\n\t\t\t\t\t\t\t\t\t<p data-start=\"628\" data-end=\"642\">Puedes agendar directamente en nuestro calendario\u00a0<\/p>\t\t\t\t\t\t\t\t<\/div>\n\t\t\t\t<div class=\"elementor-element elementor-element-df3842b elementor-align-center elementor-widget elementor-widget-button\" data-id=\"df3842b\" data-element_type=\"widget\" data-e-type=\"widget\" data-widget_type=\"button.default\">\n\t\t\t\t\t\t\t\t\t\t<a class=\"elementor-button elementor-button-link elementor-size-sm\" href=\"https:\/\/calendar.app.google\/EMtjtgFLHxkweCuY7\">\n\t\t\t\t\t\t<span class=\"elementor-button-content-wrapper\">\n\t\t\t\t\t\t\t\t\t<span class=\"elementor-button-text\">Agendar en calendario<\/span>\n\t\t\t\t\t<\/span>\n\t\t\t\t\t<\/a>\n\t\t\t\t\t\t\t\t<\/div>\n\t\t\t\t<div class=\"elementor-element elementor-element-76c43a4 elementor-widget elementor-widget-text-editor\" data-id=\"76c43a4\" data-element_type=\"widget\" data-e-type=\"widget\" data-widget_type=\"text-editor.default\">\n\t\t\t\t\t\t\t\t\t<p data-start=\"628\" data-end=\"642\">Revisa tu correo (y spam) para ver los detalles de la reuni\u00f3n.<\/p>\t\t\t\t\t\t\t\t<\/div>\n\t\t\t\t\t<\/div>\n\t\t\t\t<\/div>\n\t\t<div class=\"elementor-element elementor-element-4b07b7a e-flex e-con-boxed e-con e-parent\" data-id=\"4b07b7a\" data-element_type=\"container\" data-e-type=\"container\">\n\t\t\t\t\t<div class=\"e-con-inner\">\n\t\t\t\t<div class=\"elementor-element elementor-element-8e6e5c3 elementor-widget elementor-widget-heading\" data-id=\"8e6e5c3\" data-element_type=\"widget\" data-e-type=\"widget\" data-widget_type=\"heading.default\">\n\t\t\t\t\t<h2 class=\"elementor-heading-title elementor-size-default\">\u00bfQu\u00e9 pasar\u00e1 ahora?<\/h2>\t\t\t\t<\/div>\n\t\t\t\t<div class=\"elementor-element elementor-element-75b3482 elementor-align-center elementor-icon-list--layout-traditional elementor-list-item-link-full_width elementor-widget elementor-widget-icon-list\" data-id=\"75b3482\" data-element_type=\"widget\" data-e-type=\"widget\" data-widget_type=\"icon-list.default\">\n\t\t\t\t\t\t\t<ul class=\"elementor-icon-list-items\">\n\t\t\t\t\t\t\t<li class=\"elementor-icon-list-item\">\n\t\t\t\t\t\t\t\t\t\t\t<span class=\"elementor-icon-list-icon\">\n\t\t\t\t\t\t\t<svg aria-hidden=\"true\" class=\"e-font-icon-svg e-fas-check\" viewbox=\"0 0 512 512\" xmlns=\"http:\/\/www.w3.org\/2000\/svg\"><path d=\"M173.898 439.404l-166.4-166.4c-9.997-9.997-9.997-26.206 0-36.204l36.203-36.204c9.997-9.998 26.207-9.998 36.204 0L192 312.69 432.095 72.596c9.997-9.997 26.207-9.997 36.204 0l36.203 36.204c9.997 9.997 9.997 26.206 0 36.204l-294.4 294.401c-9.998 9.997-26.207 9.997-36.204-.001z\"><\/path><\/svg>\t\t\t\t\t\t<\/span>\n\t\t\t\t\t\t\t\t\t\t<span class=\"elementor-icon-list-text\">Confirmaci\u00f3n por correo<\/span>\n\t\t\t\t\t\t\t\t\t<\/li>\n\t\t\t\t\t\t\t\t<li class=\"elementor-icon-list-item\">\n\t\t\t\t\t\t\t\t\t\t\t<span class=\"elementor-icon-list-icon\">\n\t\t\t\t\t\t\t<svg aria-hidden=\"true\" class=\"e-font-icon-svg e-fas-check\" viewbox=\"0 0 512 512\" xmlns=\"http:\/\/www.w3.org\/2000\/svg\"><path d=\"M173.898 439.404l-166.4-166.4c-9.997-9.997-9.997-26.206 0-36.204l36.203-36.204c9.997-9.998 26.207-9.998 36.204 0L192 312.69 432.095 72.596c9.997-9.997 26.207-9.997 36.204 0l36.203 36.204c9.997 9.997 9.997 26.206 0 36.204l-294.4 294.401c-9.998 9.997-26.207 9.997-36.204-.001z\"><\/path><\/svg>\t\t\t\t\t\t<\/span>\n\t\t\t\t\t\t\t\t\t\t<span class=\"elementor-icon-list-text\">Coordinaci\u00f3n del horario si es necesario<\/span>\n\t\t\t\t\t\t\t\t\t<\/li>\n\t\t\t\t\t\t\t\t<li class=\"elementor-icon-list-item\">\n\t\t\t\t\t\t\t\t\t\t\t<span class=\"elementor-icon-list-icon\">\n\t\t\t\t\t\t\t<svg aria-hidden=\"true\" class=\"e-font-icon-svg e-fas-check\" viewbox=\"0 0 512 512\" xmlns=\"http:\/\/www.w3.org\/2000\/svg\"><path d=\"M173.898 439.404l-166.4-166.4c-9.997-9.997-9.997-26.206 0-36.204l36.203-36.204c9.997-9.998 26.207-9.998 36.204 0L192 312.69 432.095 72.596c9.997-9.997 26.207-9.997 36.204 0l36.203 36.204c9.997 9.997 9.997 26.206 0 36.204l-294.4 294.401c-9.998 9.997-26.207 9.997-36.204-.001z\"><\/path><\/svg>\t\t\t\t\t\t<\/span>\n\t\t\t\t\t\t\t\t\t\t<span class=\"elementor-icon-list-text\">Demo guiada por especialista<\/span>\n\t\t\t\t\t\t\t\t\t<\/li>\n\t\t\t\t\t\t\t\t<li class=\"elementor-icon-list-item\">\n\t\t\t\t\t\t\t\t\t\t\t<span class=\"elementor-icon-list-icon\">\n\t\t\t\t\t\t\t<svg aria-hidden=\"true\" class=\"e-font-icon-svg e-fas-check\" viewbox=\"0 0 512 512\" xmlns=\"http:\/\/www.w3.org\/2000\/svg\"><path d=\"M173.898 439.404l-166.4-166.4c-9.997-9.997-9.997-26.206 0-36.204l36.203-36.204c9.997-9.998 26.207-9.998 36.204 0L192 312.69 432.095 72.596c9.997-9.997 26.207-9.997 36.204 0l36.203 36.204c9.997 9.997 9.997 26.206 0 36.204l-294.4 294.401c-9.998 9.997-26.207 9.997-36.204-.001z\"><\/path><\/svg>\t\t\t\t\t\t<\/span>\n\t\t\t\t\t\t\t\t\t\t<span class=\"elementor-icon-list-text\">Resoluci\u00f3n de dudas cl\u00ednicas y t\u00e9cnicas<\/span>\n\t\t\t\t\t\t\t\t\t<\/li>\n\t\t\t\t\t\t<\/ul>\n\t\t\t\t\t\t<\/div>\n\t\t\t\t\t<\/div>\n\t\t\t\t<\/div>\n\t\t<div class=\"elementor-element elementor-element-5ceaa53 e-flex e-con-boxed e-con e-parent\" data-id=\"5ceaa53\" data-element_type=\"container\" data-e-type=\"container\" data-settings=\"{&quot;background_background&quot;:&quot;classic&quot;}\">\n\t\t\t\t\t<div class=\"e-con-inner\">\n\t\t\t\t<div class=\"elementor-element elementor-element-e7f07cb elementor-widget elementor-widget-heading\" data-id=\"e7f07cb\" data-element_type=\"widget\" data-e-type=\"widget\" data-widget_type=\"heading.default\">\n\t\t\t\t\t<h2 class=\"elementor-heading-title elementor-size-default\">Mientras esperas, puedes conocer m\u00e1s sobre EMG One:<\/h2>\t\t\t\t<\/div>\n\t\t\t\t<div class=\"elementor-element elementor-element-4d5e28b elementor-widget elementor-widget-button\" data-id=\"4d5e28b\" data-element_type=\"widget\" data-e-type=\"widget\" data-widget_type=\"button.default\">\n\t\t\t\t\t\t\t\t\t\t<a class=\"elementor-button elementor-button-link elementor-size-sm\" href=\"https:\/\/waves-tech.cl\/pt\/produto\/emg-one\/\">\n\t\t\t\t\t\t<span class=\"elementor-button-content-wrapper\">\n\t\t\t\t\t\t\t\t\t<span class=\"elementor-button-text\">Ver dispositivo<\/span>\n\t\t\t\t\t<\/span>\n\t\t\t\t\t<\/a>\n\t\t\t\t\t\t\t\t<\/div>\n\t\t\t\t\t<\/div>\n\t\t\t\t<\/div>\n\t\t\t\t<\/div>","protected":false},"excerpt":{"rendered":"<p>\u00a1Tu demo est\u00e1 confirmada! Puedes agendar directamente en nuestro calendario\u00a0 Agendar en calendario Revisa tu correo (y spam) para ver los detalles de la reuni\u00f3n. \u00bfQu\u00e9 pasar\u00e1 ahora? Confirmaci\u00f3n por correo Coordinaci\u00f3n del horario si es necesario Demo guiada por especialista Resoluci\u00f3n de dudas cl\u00ednicas y t\u00e9cnicas Mientras esperas, puedes conocer m\u00e1s sobre EMG One: [&hellip;]<\/p>\n","protected":false},"author":2,"featured_media":0,"parent":0,"menu_order":0,"comment_status":"closed","ping_status":"closed","template":"","meta":{"footnotes":""},"class_list":["post-1842","page","type-page","status-publish","hentry"],"yoast_head":"<!-- This site is optimized with the Yoast SEO plugin v27.5 - https:\/\/yoast.com\/product\/yoast-seo-wordpress\/ -->\n<title>Gracias Demo - Waves-Tech<\/title>\n<meta name=\"robots\" content=\"index, follow, max-snippet:-1, max-image-preview:large, max-video-preview:-1\" \/>\n<link rel=\"canonical\" href=\"https:\/\/waves-tech.cl\/pt\/gracias-demo\/\" \/>\n<meta property=\"og:locale\" content=\"pt_BR\" \/>\n<meta property=\"og:type\" content=\"article\" \/>\n<meta property=\"og:title\" content=\"Gracias Demo - Waves-Tech\" \/>\n<meta property=\"og:description\" content=\"\u00a1Tu demo est\u00e1 confirmada! Puedes agendar directamente en nuestro calendario\u00a0 Agendar en calendario Revisa tu correo (y spam) para ver los detalles de la reuni\u00f3n. \u00bfQu\u00e9 pasar\u00e1 ahora? Confirmaci\u00f3n por correo Coordinaci\u00f3n del horario si es necesario Demo guiada por especialista Resoluci\u00f3n de dudas cl\u00ednicas y t\u00e9cnicas Mientras esperas, puedes conocer m\u00e1s sobre EMG One: [&hellip;]\" \/>\n<meta property=\"og:url\" content=\"https:\/\/waves-tech.cl\/pt\/gracias-demo\/\" \/>\n<meta property=\"og:site_name\" content=\"Waves-Tech\" \/>\n<meta property=\"article:modified_time\" content=\"2026-04-07T19:37:12+00:00\" \/>\n<meta name=\"twitter:card\" content=\"summary_large_image\" \/>\n<meta name=\"twitter:label1\" content=\"Est. tempo de leitura\" \/>\n\t<meta name=\"twitter:data1\" content=\"1 minuto\" \/>\n<script type=\"application\/ld+json\" class=\"yoast-schema-graph\">{\"@context\":\"https:\\\/\\\/schema.org\",\"@graph\":[{\"@type\":\"WebPage\",\"@id\":\"https:\\\/\\\/waves-tech.cl\\\/gracias-demo\\\/\",\"url\":\"https:\\\/\\\/waves-tech.cl\\\/gracias-demo\\\/\",\"name\":\"Gracias Demo - Waves-Tech\",\"isPartOf\":{\"@id\":\"https:\\\/\\\/waves-tech.cl\\\/pt\\\/#website\"},\"datePublished\":\"2026-04-01T16:20:15+00:00\",\"dateModified\":\"2026-04-07T19:37:12+00:00\",\"breadcrumb\":{\"@id\":\"https:\\\/\\\/waves-tech.cl\\\/gracias-demo\\\/#breadcrumb\"},\"inLanguage\":\"pt-BR\",\"potentialAction\":[{\"@type\":\"ReadAction\",\"target\":[\"https:\\\/\\\/waves-tech.cl\\\/gracias-demo\\\/\"]}]},{\"@type\":\"BreadcrumbList\",\"@id\":\"https:\\\/\\\/waves-tech.cl\\\/gracias-demo\\\/#breadcrumb\",\"itemListElement\":[{\"@type\":\"ListItem\",\"position\":1,\"name\":\"Portada\",\"item\":\"https:\\\/\\\/waves-tech.cl\\\/\"},{\"@type\":\"ListItem\",\"position\":2,\"name\":\"Gracias Demo\"}]},{\"@type\":\"WebSite\",\"@id\":\"https:\\\/\\\/waves-tech.cl\\\/pt\\\/#website\",\"url\":\"https:\\\/\\\/waves-tech.cl\\\/pt\\\/\",\"name\":\"Waves-Tech\",\"description\":\"Tecnolog\u00eda que Rehabilita\",\"publisher\":{\"@id\":\"https:\\\/\\\/waves-tech.cl\\\/pt\\\/#organization\"},\"potentialAction\":[{\"@type\":\"SearchAction\",\"target\":{\"@type\":\"EntryPoint\",\"urlTemplate\":\"https:\\\/\\\/waves-tech.cl\\\/pt\\\/?s={search_term_string}\"},\"query-input\":{\"@type\":\"PropertyValueSpecification\",\"valueRequired\":true,\"valueName\":\"search_term_string\"}}],\"inLanguage\":\"pt-BR\"},{\"@type\":\"Organization\",\"@id\":\"https:\\\/\\\/waves-tech.cl\\\/pt\\\/#organization\",\"name\":\"Waves-Tech\",\"url\":\"https:\\\/\\\/waves-tech.cl\\\/pt\\\/\",\"logo\":{\"@type\":\"ImageObject\",\"inLanguage\":\"pt-BR\",\"@id\":\"https:\\\/\\\/waves-tech.cl\\\/pt\\\/#\\\/schema\\\/logo\\\/image\\\/\",\"url\":\"https:\\\/\\\/waves-tech.cl\\\/wp-content\\\/uploads\\\/2025\\\/07\\\/cropped-logo_waves.png\",\"contentUrl\":\"https:\\\/\\\/waves-tech.cl\\\/wp-content\\\/uploads\\\/2025\\\/07\\\/cropped-logo_waves.png\",\"width\":1393,\"height\":615,\"caption\":\"Waves-Tech\"},\"image\":{\"@id\":\"https:\\\/\\\/waves-tech.cl\\\/pt\\\/#\\\/schema\\\/logo\\\/image\\\/\"}}]}<\/script>\n<!-- \/ Yoast SEO plugin. -->","yoast_head_json":{"title":"Gracias Demo - Waves-Tech","robots":{"index":"index","follow":"follow","max-snippet":"max-snippet:-1","max-image-preview":"max-image-preview:large","max-video-preview":"max-video-preview:-1"},"canonical":"https:\/\/waves-tech.cl\/pt\/gracias-demo\/","og_locale":"pt_BR","og_type":"article","og_title":"Gracias Demo - Waves-Tech","og_description":"\u00a1Tu demo est\u00e1 confirmada! Puedes agendar directamente en nuestro calendario\u00a0 Agendar en calendario Revisa tu correo (y spam) para ver los detalles de la reuni\u00f3n. \u00bfQu\u00e9 pasar\u00e1 ahora? Confirmaci\u00f3n por correo Coordinaci\u00f3n del horario si es necesario Demo guiada por especialista Resoluci\u00f3n de dudas cl\u00ednicas y t\u00e9cnicas Mientras esperas, puedes conocer m\u00e1s sobre EMG One: [&hellip;]","og_url":"https:\/\/waves-tech.cl\/pt\/gracias-demo\/","og_site_name":"Waves-Tech","article_modified_time":"2026-04-07T19:37:12+00:00","twitter_card":"summary_large_image","twitter_misc":{"Est. tempo de leitura":"1 minuto"},"schema":{"@context":"https:\/\/schema.org","@graph":[{"@type":"WebPage","@id":"https:\/\/waves-tech.cl\/gracias-demo\/","url":"https:\/\/waves-tech.cl\/gracias-demo\/","name":"Gracias Demo - Waves-Tech","isPartOf":{"@id":"https:\/\/waves-tech.cl\/pt\/#website"},"datePublished":"2026-04-01T16:20:15+00:00","dateModified":"2026-04-07T19:37:12+00:00","breadcrumb":{"@id":"https:\/\/waves-tech.cl\/gracias-demo\/#breadcrumb"},"inLanguage":"pt-BR","potentialAction":[{"@type":"ReadAction","target":["https:\/\/waves-tech.cl\/gracias-demo\/"]}]},{"@type":"BreadcrumbList","@id":"https:\/\/waves-tech.cl\/gracias-demo\/#breadcrumb","itemListElement":[{"@type":"ListItem","position":1,"name":"Portada","item":"https:\/\/waves-tech.cl\/"},{"@type":"ListItem","position":2,"name":"Gracias Demo"}]},{"@type":"WebSite","@id":"https:\/\/waves-tech.cl\/pt\/#website","url":"https:\/\/waves-tech.cl\/pt\/","name":"Waves-Tech","description":"Tecnologia que reabilita","publisher":{"@id":"https:\/\/waves-tech.cl\/pt\/#organization"},"potentialAction":[{"@type":"SearchAction","target":{"@type":"EntryPoint","urlTemplate":"https:\/\/waves-tech.cl\/pt\/?s={search_term_string}"},"query-input":{"@type":"PropertyValueSpecification","valueRequired":true,"valueName":"search_term_string"}}],"inLanguage":"pt-BR"},{"@type":"Organization","@id":"https:\/\/waves-tech.cl\/pt\/#organization","name":"Waves-Tech","url":"https:\/\/waves-tech.cl\/pt\/","logo":{"@type":"ImageObject","inLanguage":"pt-BR","@id":"https:\/\/waves-tech.cl\/pt\/#\/schema\/logo\/image\/","url":"https:\/\/waves-tech.cl\/wp-content\/uploads\/2025\/07\/cropped-logo_waves.png","contentUrl":"https:\/\/waves-tech.cl\/wp-content\/uploads\/2025\/07\/cropped-logo_waves.png","width":1393,"height":615,"caption":"Waves-Tech"},"image":{"@id":"https:\/\/waves-tech.cl\/pt\/#\/schema\/logo\/image\/"}}]}},"_links":{"self":[{"href":"https:\/\/waves-tech.cl\/pt\/wp-json\/wp\/v2\/pages\/1842","targetHints":{"allow":["GET"]}}],"collection":[{"href":"https:\/\/waves-tech.cl\/pt\/wp-json\/wp\/v2\/pages"}],"about":[{"href":"https:\/\/waves-tech.cl\/pt\/wp-json\/wp\/v2\/types\/page"}],"author":[{"embeddable":true,"href":"https:\/\/waves-tech.cl\/pt\/wp-json\/wp\/v2\/users\/2"}],"replies":[{"embeddable":true,"href":"https:\/\/waves-tech.cl\/pt\/wp-json\/wp\/v2\/comments?post=1842"}],"version-history":[{"count":16,"href":"https:\/\/waves-tech.cl\/pt\/wp-json\/wp\/v2\/pages\/1842\/revisions"}],"predecessor-version":[{"id":1865,"href":"https:\/\/waves-tech.cl\/pt\/wp-json\/wp\/v2\/pages\/1842\/revisions\/1865"}],"wp:attachment":[{"href":"https:\/\/waves-tech.cl\/pt\/wp-json\/wp\/v2\/media?parent=1842"}],"curies":[{"name":"wp","href":"https:\/\/api.w.org\/{rel}","templated":true}]}}